{"id":15608,"date":"2024-11-29T18:32:14","date_gmt":"2024-11-29T17:32:14","guid":{"rendered":"https:\/\/stampcurio.com\/product\/1958-televizio-vagott-blokk-luxus-minosegu-vagott-blokk-mi-170\/"},"modified":"2025-12-05T04:05:45","modified_gmt":"2025-12-05T03:05:45","slug":"1958-magyarorszag-televizio-vagott-blokk-luxus-minosegu-postatiszta-vagott-blokk-michel-170-eur","status":"publish","type":"product","link":"https:\/\/stampcurio.com\/hu\/termek\/1958-magyarorszag-televizio-vagott-blokk-luxus-minosegu-postatiszta-vagott-blokk-michel-170-eur\/","title":{"rendered":"1958 Magyarorsz\u00e1g &#8211; Telev\u00edzi\u00f3 v\u00e1gott blokk luxus min\u0151s\u00e9g\u0171 postatiszta ** v\u00e1gott blokk | Michel: 170 EUR"},"content":{"rendered":"","protected":false},"excerpt":{"rendered":"","protected":false},"featured_media":19048,"template":"","meta":[],"product_brand":[],"product_cat":[1172],"product_tag":[1664,116,1006],"class_list":{"0":"post-15608","1":"product","2":"type-product","3":"status-publish","4":"has-post-thumbnail","6":"product_cat-magyarorszag","7":"product_tag-2nd-auction-hu","8":"product_tag-belyeg","9":"product_tag-unsold","11":"first","12":"outofstock","13":"sold-individually","14":"shipping-taxable","15":"product-type-simple"},"_links":{"self":[{"href":"https:\/\/stampcurio.com\/hu\/wp-json\/wp\/v2\/product\/15608","targetHints":{"allow":["GET"]}}],"collection":[{"href":"https:\/\/stampcurio.com\/hu\/wp-json\/wp\/v2\/product"}],"about":[{"href":"https:\/\/stampcurio.com\/hu\/wp-json\/wp\/v2\/types\/product"}],"wp:featuredmedia":[{"embeddable":true,"href":"https:\/\/stampcurio.com\/hu\/wp-json\/wp\/v2\/media\/19048"}],"wp:attachment":[{"href":"https:\/\/stampcurio.com\/hu\/wp-json\/wp\/v2\/media?parent=15608"}],"wp:term":[{"taxonomy":"product_brand","embeddable":true,"href":"https:\/\/stampcurio.com\/hu\/wp-json\/wp\/v2\/product_brand?post=15608"},{"taxonomy":"product_cat","embeddable":true,"href":"https:\/\/stampcurio.com\/hu\/wp-json\/wp\/v2\/product_cat?post=15608"},{"taxonomy":"product_tag","embeddable":true,"href":"https:\/\/stampcurio.com\/hu\/wp-json\/wp\/v2\/product_tag?post=15608"}],"curies":[{"name":"wp","href":"https:\/\/api.w.org\/{rel}","templated":true}]}}