{"id":15607,"date":"2024-11-29T18:32:14","date_gmt":"2024-11-29T17:32:14","guid":{"rendered":"https:\/\/stampcurio.com\/product\/1951-belyegnap-80-eves-a-magyar-belyeg-blokksorozat-szep-minosegben\/"},"modified":"2025-12-05T04:05:45","modified_gmt":"2025-12-05T03:05:45","slug":"1951-magyarorszag-belyegnap-80-eves-a-magyar-belyeg-blokksorozat-szep-minosegben-michel-180-eur","status":"publish","type":"product","link":"https:\/\/stampcurio.com\/hu\/termek\/1951-magyarorszag-belyegnap-80-eves-a-magyar-belyeg-blokksorozat-szep-minosegben-michel-180-eur\/","title":{"rendered":"1951 Magyarorsz\u00e1g &#8211; B\u00e9lyegnap 80 \u00e9ves a magyar b\u00e9lyeg blokksorozat ** sz\u00e9p min\u0151s\u00e9gben &#8211; Michel 180 EUR"},"content":{"rendered":"","protected":false},"excerpt":{"rendered":"<p>K\u00e9k blokk h\u00e1tulj\u00e1n garanciab\u00e9lyegz\u0151vel, piros blokk h\u00e1tulj\u00e1n kis foltokban hi\u00e1nyos gumi, mely a kiad\u00e1s saj\u00e1toss\u00e1ga, se fel\u00e1rat, se al\u00e1rat nem \u00e9rdemel.<\/p>\n","protected":false},"featured_media":18978,"template":"","meta":[],"product_brand":[],"product_cat":[1172],"product_tag":[1664,116,1006],"class_list":{"0":"post-15607","1":"product","2":"type-product","3":"status-publish","4":"has-post-thumbnail","6":"product_cat-magyarorszag","7":"product_tag-2nd-auction-hu","8":"product_tag-belyeg","9":"product_tag-unsold","11":"first","12":"outofstock","13":"sold-individually","14":"shipping-taxable","15":"product-type-simple"},"_links":{"self":[{"href":"https:\/\/stampcurio.com\/hu\/wp-json\/wp\/v2\/product\/15607","targetHints":{"allow":["GET"]}}],"collection":[{"href":"https:\/\/stampcurio.com\/hu\/wp-json\/wp\/v2\/product"}],"about":[{"href":"https:\/\/stampcurio.com\/hu\/wp-json\/wp\/v2\/types\/product"}],"wp:featuredmedia":[{"embeddable":true,"href":"https:\/\/stampcurio.com\/hu\/wp-json\/wp\/v2\/media\/18978"}],"wp:attachment":[{"href":"https:\/\/stampcurio.com\/hu\/wp-json\/wp\/v2\/media?parent=15607"}],"wp:term":[{"taxonomy":"product_brand","embeddable":true,"href":"https:\/\/stampcurio.com\/hu\/wp-json\/wp\/v2\/product_brand?post=15607"},{"taxonomy":"product_cat","embeddable":true,"href":"https:\/\/stampcurio.com\/hu\/wp-json\/wp\/v2\/product_cat?post=15607"},{"taxonomy":"product_tag","embeddable":true,"href":"https:\/\/stampcurio.com\/hu\/wp-json\/wp\/v2\/product_tag?post=15607"}],"curies":[{"name":"wp","href":"https:\/\/api.w.org\/{rel}","templated":true}]}}