{"id":15604,"date":"2024-11-29T18:32:13","date_gmt":"2024-11-29T17:32:13","guid":{"rendered":"https:\/\/stampcurio.com\/product\/1949-lanchid-leheletnyi-falcnyommal-a-sarga-szin-balra-eltolodasaval-tevnyomat-az-alap-belyeg-ara-225-eur\/"},"modified":"2025-12-05T04:05:47","modified_gmt":"2025-12-05T03:05:47","slug":"1949-magyarorszag-lanchid-iii-blokk-leheletnyi-falcnyommal-balra-tolodott-sarga-szinnyomassal-michel-225-eur","status":"publish","type":"product","link":"https:\/\/stampcurio.com\/hu\/termek\/1949-magyarorszag-lanchid-iii-blokk-leheletnyi-falcnyommal-balra-tolodott-sarga-szinnyomassal-michel-225-eur\/","title":{"rendered":"1949 Magyarorsz\u00e1g &#8211; L\u00e1nch\u00edd III. blokk leheletnyi falcnyommal, balra tol\u00f3d\u00f3tt s\u00e1rga sz\u00ednnyom\u00e1ssal  | Michel: 225 EUR++"},"content":{"rendered":"","protected":false},"excerpt":{"rendered":"","protected":false},"featured_media":24996,"template":"","meta":[],"product_brand":[],"product_cat":[1172],"product_tag":[1664,116,217],"class_list":{"0":"post-15604","1":"product","2":"type-product","3":"status-publish","4":"has-post-thumbnail","6":"product_cat-magyarorszag","7":"product_tag-2nd-auction-hu","8":"product_tag-belyeg","9":"product_tag-tevnyomat","11":"first","12":"outofstock","13":"sold-individually","14":"shipping-taxable","15":"product-type-simple"},"_links":{"self":[{"href":"https:\/\/stampcurio.com\/hu\/wp-json\/wp\/v2\/product\/15604","targetHints":{"allow":["GET"]}}],"collection":[{"href":"https:\/\/stampcurio.com\/hu\/wp-json\/wp\/v2\/product"}],"about":[{"href":"https:\/\/stampcurio.com\/hu\/wp-json\/wp\/v2\/types\/product"}],"wp:featuredmedia":[{"embeddable":true,"href":"https:\/\/stampcurio.com\/hu\/wp-json\/wp\/v2\/media\/24996"}],"wp:attachment":[{"href":"https:\/\/stampcurio.com\/hu\/wp-json\/wp\/v2\/media?parent=15604"}],"wp:term":[{"taxonomy":"product_brand","embeddable":true,"href":"https:\/\/stampcurio.com\/hu\/wp-json\/wp\/v2\/product_brand?post=15604"},{"taxonomy":"product_cat","embeddable":true,"href":"https:\/\/stampcurio.com\/hu\/wp-json\/wp\/v2\/product_cat?post=15604"},{"taxonomy":"product_tag","embeddable":true,"href":"https:\/\/stampcurio.com\/hu\/wp-json\/wp\/v2\/product_tag?post=15604"}],"curies":[{"name":"wp","href":"https:\/\/api.w.org\/{rel}","templated":true}]}}