{"id":15603,"date":"2024-11-29T18:32:13","date_gmt":"2024-11-29T17:32:13","guid":{"rendered":"https:\/\/stampcurio.com\/product\/1947-magyarorszag-roosevelt-blokkpar-fogazott-az-atlagosnal-szebb-sima-enyvezessel-fent-leheletnyi-falcnyommal-mi-100-eur\/"},"modified":"2025-12-05T04:05:46","modified_gmt":"2025-12-05T03:05:46","slug":"1947-magyarorszag-roosevelt-fogazott-blokkpar-az-atlagosnal-szebb-sima-enyvezessel-fent-leheletnyi-falcnyommal-michel-100-eur","status":"publish","type":"product","link":"https:\/\/stampcurio.com\/hu\/termek\/1947-magyarorszag-roosevelt-fogazott-blokkpar-az-atlagosnal-szebb-sima-enyvezessel-fent-leheletnyi-falcnyommal-michel-100-eur\/","title":{"rendered":"1947 Magyarorsz\u00e1g &#8211; Roosevelt fogazott blokkp\u00e1r, az \u00e1tlagosn\u00e1l szebb, sima enyvez\u00e9ssel, fent leheletnyi falcnyommal | Michel: 100 EUR"},"content":{"rendered":"","protected":false},"excerpt":{"rendered":"","protected":false},"featured_media":19012,"template":"","meta":[],"product_brand":[],"product_cat":[1172],"product_tag":[1664,116],"class_list":{"0":"post-15603","1":"product","2":"type-product","3":"status-publish","4":"has-post-thumbnail","6":"product_cat-magyarorszag","7":"product_tag-2nd-auction-hu","8":"product_tag-belyeg","10":"first","11":"outofstock","12":"sold-individually","13":"shipping-taxable","14":"product-type-simple"},"_links":{"self":[{"href":"https:\/\/stampcurio.com\/hu\/wp-json\/wp\/v2\/product\/15603","targetHints":{"allow":["GET"]}}],"collection":[{"href":"https:\/\/stampcurio.com\/hu\/wp-json\/wp\/v2\/product"}],"about":[{"href":"https:\/\/stampcurio.com\/hu\/wp-json\/wp\/v2\/types\/product"}],"wp:featuredmedia":[{"embeddable":true,"href":"https:\/\/stampcurio.com\/hu\/wp-json\/wp\/v2\/media\/19012"}],"wp:attachment":[{"href":"https:\/\/stampcurio.com\/hu\/wp-json\/wp\/v2\/media?parent=15603"}],"wp:term":[{"taxonomy":"product_brand","embeddable":true,"href":"https:\/\/stampcurio.com\/hu\/wp-json\/wp\/v2\/product_brand?post=15603"},{"taxonomy":"product_cat","embeddable":true,"href":"https:\/\/stampcurio.com\/hu\/wp-json\/wp\/v2\/product_cat?post=15603"},{"taxonomy":"product_tag","embeddable":true,"href":"https:\/\/stampcurio.com\/hu\/wp-json\/wp\/v2\/product_tag?post=15603"}],"curies":[{"name":"wp","href":"https:\/\/api.w.org\/{rel}","templated":true}]}}