{"id":15602,"date":"2024-11-29T18:32:13","date_gmt":"2024-11-29T17:32:13","guid":{"rendered":"https:\/\/stampcurio.com\/product\/1950-magyarorszag-vagott-upu-blokk-1-napi-lebelyegzessel-enyvezett-rendkivul-ritka-a-c-vizjelallas\/"},"modified":"2025-12-05T04:05:46","modified_gmt":"2025-12-05T03:05:46","slug":"1950-magyarorszag-vagott-enyvezett-upu-blokk-1-napi-lebelyegzessel-fd-rendkivul-ritka-ac-vizjel-allassal","status":"publish","type":"product","link":"https:\/\/stampcurio.com\/hu\/termek\/1950-magyarorszag-vagott-enyvezett-upu-blokk-1-napi-lebelyegzessel-fd-rendkivul-ritka-ac-vizjel-allassal\/","title":{"rendered":"1950 Magyarorsz\u00e1g &#8211; v\u00e1gott, enyvezett UPU blokk 1. napi leb\u00e9lyegz\u00e9ssel (FD), rendk\u00edv\u00fcl ritka Ac v\u00edzjel \u00e1ll\u00e1ssal"},"content":{"rendered":"","protected":false},"excerpt":{"rendered":"","protected":false},"featured_media":18924,"template":"","meta":[],"product_brand":[],"product_cat":[1172],"product_tag":[1664,116,176,217],"class_list":{"0":"post-15602","1":"product","2":"type-product","3":"status-publish","4":"has-post-thumbnail","6":"product_cat-magyarorszag","7":"product_tag-2nd-auction-hu","8":"product_tag-belyeg","9":"product_tag-philagem","10":"product_tag-tevnyomat","12":"first","13":"outofstock","14":"sold-individually","15":"shipping-taxable","16":"product-type-simple"},"_links":{"self":[{"href":"https:\/\/stampcurio.com\/hu\/wp-json\/wp\/v2\/product\/15602","targetHints":{"allow":["GET"]}}],"collection":[{"href":"https:\/\/stampcurio.com\/hu\/wp-json\/wp\/v2\/product"}],"about":[{"href":"https:\/\/stampcurio.com\/hu\/wp-json\/wp\/v2\/types\/product"}],"wp:featuredmedia":[{"embeddable":true,"href":"https:\/\/stampcurio.com\/hu\/wp-json\/wp\/v2\/media\/18924"}],"wp:attachment":[{"href":"https:\/\/stampcurio.com\/hu\/wp-json\/wp\/v2\/media?parent=15602"}],"wp:term":[{"taxonomy":"product_brand","embeddable":true,"href":"https:\/\/stampcurio.com\/hu\/wp-json\/wp\/v2\/product_brand?post=15602"},{"taxonomy":"product_cat","embeddable":true,"href":"https:\/\/stampcurio.com\/hu\/wp-json\/wp\/v2\/product_cat?post=15602"},{"taxonomy":"product_tag","embeddable":true,"href":"https:\/\/stampcurio.com\/hu\/wp-json\/wp\/v2\/product_tag?post=15602"}],"curies":[{"name":"wp","href":"https:\/\/api.w.org\/{rel}","templated":true}]}}