{"id":15600,"date":"2024-11-29T18:32:12","date_gmt":"2024-11-29T17:32:12","guid":{"rendered":"https:\/\/stampcurio.com\/product\/1861-ausztria-5-kr-kosmanos-lebelyegzes-muller-35-pont\/"},"modified":"2025-12-05T04:05:47","modified_gmt":"2025-12-05T03:05:47","slug":"1861-ausztria-5-kr-belyeg-krosmanos-lebelyegzes-mueller-35-pont","status":"publish","type":"product","link":"https:\/\/stampcurio.com\/hu\/termek\/1861-ausztria-5-kr-belyeg-krosmanos-lebelyegzes-mueller-35-pont\/","title":{"rendered":"1861 Ausztria &#8211; 5 kr b\u00e9lyeg KROSMANOS leb\u00e9lyegz\u00e9s | Mueller: 35 pont"},"content":{"rendered":"","protected":false},"excerpt":{"rendered":"","protected":false},"featured_media":18992,"template":"","meta":[],"product_brand":[],"product_cat":[1178,1190],"product_tag":[1664,116,1041],"class_list":{"0":"post-15600","1":"product","2":"type-product","3":"status-publish","4":"has-post-thumbnail","6":"product_cat-ausztria","7":"product_cat-lengyelorszag","8":"product_tag-2nd-auction-hu","9":"product_tag-belyeg","10":"product_tag-marcophily-hu","12":"first","13":"outofstock","14":"sold-individually","15":"shipping-taxable","16":"product-type-simple"},"_links":{"self":[{"href":"https:\/\/stampcurio.com\/hu\/wp-json\/wp\/v2\/product\/15600","targetHints":{"allow":["GET"]}}],"collection":[{"href":"https:\/\/stampcurio.com\/hu\/wp-json\/wp\/v2\/product"}],"about":[{"href":"https:\/\/stampcurio.com\/hu\/wp-json\/wp\/v2\/types\/product"}],"wp:featuredmedia":[{"embeddable":true,"href":"https:\/\/stampcurio.com\/hu\/wp-json\/wp\/v2\/media\/18992"}],"wp:attachment":[{"href":"https:\/\/stampcurio.com\/hu\/wp-json\/wp\/v2\/media?parent=15600"}],"wp:term":[{"taxonomy":"product_brand","embeddable":true,"href":"https:\/\/stampcurio.com\/hu\/wp-json\/wp\/v2\/product_brand?post=15600"},{"taxonomy":"product_cat","embeddable":true,"href":"https:\/\/stampcurio.com\/hu\/wp-json\/wp\/v2\/product_cat?post=15600"},{"taxonomy":"product_tag","embeddable":true,"href":"https:\/\/stampcurio.com\/hu\/wp-json\/wp\/v2\/product_tag?post=15600"}],"curies":[{"name":"wp","href":"https:\/\/api.w.org\/{rel}","templated":true}]}}