{"id":15598,"date":"2024-11-29T18:32:11","date_gmt":"2024-11-29T17:32:11","guid":{"rendered":"https:\/\/stampcurio.com\/product\/1868-2-kr-barna-szinben-postatiszta-negyestomb-teljes-betuvizjellel-tu\/"},"modified":"2025-12-05T04:05:49","modified_gmt":"2025-12-05T03:05:49","slug":"1868-magyarorszag-2-kr-hirlapbelyeg-postatiszta-negyestomb-barna-szinben-teljes-betuvizjellel-tu","status":"publish","type":"product","link":"https:\/\/stampcurio.com\/hu\/termek\/1868-magyarorszag-2-kr-hirlapbelyeg-postatiszta-negyestomb-barna-szinben-teljes-betuvizjellel-tu\/","title":{"rendered":"1868 Magyarorsz\u00e1g &#8211; 2 kr h\u00edrlapb\u00e9lyeg postatiszta ** n\u00e9gyest\u00f6mb barna sz\u00ednben teljes bet\u0171v\u00edzjellel TU"},"content":{"rendered":"","protected":false},"excerpt":{"rendered":"","protected":false},"featured_media":18865,"template":"","meta":[],"product_brand":[],"product_cat":[1172],"product_tag":[1664,116,1296,282,217,1006],"class_list":{"0":"post-15598","1":"product","2":"type-product","3":"status-publish","4":"has-post-thumbnail","6":"product_cat-magyarorszag","7":"product_tag-2nd-auction-hu","8":"product_tag-belyeg","9":"product_tag-hirlapbelyeg","10":"product_tag-okmanybelyeg","11":"product_tag-tevnyomat","12":"product_tag-unsold","14":"first","15":"outofstock","16":"sold-individually","17":"shipping-taxable","18":"product-type-simple"},"_links":{"self":[{"href":"https:\/\/stampcurio.com\/hu\/wp-json\/wp\/v2\/product\/15598","targetHints":{"allow":["GET"]}}],"collection":[{"href":"https:\/\/stampcurio.com\/hu\/wp-json\/wp\/v2\/product"}],"about":[{"href":"https:\/\/stampcurio.com\/hu\/wp-json\/wp\/v2\/types\/product"}],"wp:featuredmedia":[{"embeddable":true,"href":"https:\/\/stampcurio.com\/hu\/wp-json\/wp\/v2\/media\/18865"}],"wp:attachment":[{"href":"https:\/\/stampcurio.com\/hu\/wp-json\/wp\/v2\/media?parent=15598"}],"wp:term":[{"taxonomy":"product_brand","embeddable":true,"href":"https:\/\/stampcurio.com\/hu\/wp-json\/wp\/v2\/product_brand?post=15598"},{"taxonomy":"product_cat","embeddable":true,"href":"https:\/\/stampcurio.com\/hu\/wp-json\/wp\/v2\/product_cat?post=15598"},{"taxonomy":"product_tag","embeddable":true,"href":"https:\/\/stampcurio.com\/hu\/wp-json\/wp\/v2\/product_tag?post=15598"}],"curies":[{"name":"wp","href":"https:\/\/api.w.org\/{rel}","templated":true}]}}