{"id":15597,"date":"2024-11-29T18:32:11","date_gmt":"2024-11-29T17:32:11","guid":{"rendered":"https:\/\/stampcurio.com\/product\/1898-hirlapbelyeg-negyestomb-postatiszta-b3-vizjelallas-jobb-felso-belyegen-festekfolt\/"},"modified":"2025-12-05T04:05:48","modified_gmt":"2025-12-05T03:05:48","slug":"1898-magyarorszag-1-kr-hirlapbelyeg-postatiszta-negyestomb-b3-vizjel-allassal-a-jobb-felso-belyegen-festekfolt-a-krajcar-szoban","status":"publish","type":"product","link":"https:\/\/stampcurio.com\/hu\/termek\/1898-magyarorszag-1-kr-hirlapbelyeg-postatiszta-negyestomb-b3-vizjel-allassal-a-jobb-felso-belyegen-festekfolt-a-krajcar-szoban\/","title":{"rendered":"1898 Magyarorsz\u00e1g &#8211; 1 kr h\u00edrlapb\u00e9lyeg postatiszta ** + * n\u00e9gyest\u00f6mb, B3 v\u00edzjel \u00e1ll\u00e1ssal, a jobb fels\u0151 b\u00e9lyegen fest\u00e9kfolt a KRAJC\u00c1R sz\u00f3ban"},"content":{"rendered":"","protected":false},"excerpt":{"rendered":"","protected":false},"featured_media":25003,"template":"","meta":[],"product_brand":[],"product_cat":[1172],"product_tag":[1664,116,1296,282,217],"class_list":{"0":"post-15597","1":"product","2":"type-product","3":"status-publish","4":"has-post-thumbnail","6":"product_cat-magyarorszag","7":"product_tag-2nd-auction-hu","8":"product_tag-belyeg","9":"product_tag-hirlapbelyeg","10":"product_tag-okmanybelyeg","11":"product_tag-tevnyomat","13":"first","14":"outofstock","15":"sold-individually","16":"shipping-taxable","17":"product-type-simple"},"_links":{"self":[{"href":"https:\/\/stampcurio.com\/hu\/wp-json\/wp\/v2\/product\/15597","targetHints":{"allow":["GET"]}}],"collection":[{"href":"https:\/\/stampcurio.com\/hu\/wp-json\/wp\/v2\/product"}],"about":[{"href":"https:\/\/stampcurio.com\/hu\/wp-json\/wp\/v2\/types\/product"}],"wp:featuredmedia":[{"embeddable":true,"href":"https:\/\/stampcurio.com\/hu\/wp-json\/wp\/v2\/media\/25003"}],"wp:attachment":[{"href":"https:\/\/stampcurio.com\/hu\/wp-json\/wp\/v2\/media?parent=15597"}],"wp:term":[{"taxonomy":"product_brand","embeddable":true,"href":"https:\/\/stampcurio.com\/hu\/wp-json\/wp\/v2\/product_brand?post=15597"},{"taxonomy":"product_cat","embeddable":true,"href":"https:\/\/stampcurio.com\/hu\/wp-json\/wp\/v2\/product_cat?post=15597"},{"taxonomy":"product_tag","embeddable":true,"href":"https:\/\/stampcurio.com\/hu\/wp-json\/wp\/v2\/product_tag?post=15597"}],"curies":[{"name":"wp","href":"https:\/\/api.w.org\/{rel}","templated":true}]}}