{"id":15596,"date":"2024-11-29T18:32:11","date_gmt":"2024-11-29T17:32:11","guid":{"rendered":"https:\/\/stampcurio.com\/product\/xxx-hirlapilletek-belyeg-1-kr-par-semlin-belyegzessel-felso-ivszelen-5-etlero-vastagsagu-vonal-mbk-200-pont-alul-szakadas-1868\/"},"modified":"2025-12-05T04:05:48","modified_gmt":"2025-12-05T03:05:48","slug":"1868-magyarorszag-1-kr-hirlapilletek-belyeg-par-semlin-belyegzessel-a-felso-ivszelen-5-eltero-vastagsagu-szegelylec-lenyomattal-alul-beszakadas-mbk-200-pont","status":"publish","type":"product","link":"https:\/\/stampcurio.com\/hu\/termek\/1868-magyarorszag-1-kr-hirlapilletek-belyeg-par-semlin-belyegzessel-a-felso-ivszelen-5-eltero-vastagsagu-szegelylec-lenyomattal-alul-beszakadas-mbk-200-pont\/","title":{"rendered":"1868 Magyarorsz\u00e1g &#8211; 1 kr h\u00edrlapillet\u00e9k b\u00e9lyeg p\u00e1r SEMLIN b\u00e9lyegz\u00e9ssel, a fels\u0151 \u00edvsz\u00e9len 5 elt\u00e9r\u0151 vastags\u00e1g\u00fa szeg\u00e9lyl\u00e9c lenyomattal &#8211; alul beszakad\u00e1s | MBK 200&#8211; pont"},"content":{"rendered":"","protected":false},"excerpt":{"rendered":"","protected":false},"featured_media":23957,"template":"","meta":[],"product_brand":[],"product_cat":[1172,1245],"product_tag":[1664,116,1296,1041,282,217],"class_list":{"0":"post-15596","1":"product","2":"type-product","3":"status-publish","4":"has-post-thumbnail","6":"product_cat-magyarorszag","7":"product_cat-szerbia","8":"product_tag-2nd-auction-hu","9":"product_tag-belyeg","10":"product_tag-hirlapbelyeg","11":"product_tag-marcophily-hu","12":"product_tag-okmanybelyeg","13":"product_tag-tevnyomat","15":"first","16":"outofstock","17":"sold-individually","18":"shipping-taxable","19":"product-type-simple"},"_links":{"self":[{"href":"https:\/\/stampcurio.com\/hu\/wp-json\/wp\/v2\/product\/15596","targetHints":{"allow":["GET"]}}],"collection":[{"href":"https:\/\/stampcurio.com\/hu\/wp-json\/wp\/v2\/product"}],"about":[{"href":"https:\/\/stampcurio.com\/hu\/wp-json\/wp\/v2\/types\/product"}],"wp:featuredmedia":[{"embeddable":true,"href":"https:\/\/stampcurio.com\/hu\/wp-json\/wp\/v2\/media\/23957"}],"wp:attachment":[{"href":"https:\/\/stampcurio.com\/hu\/wp-json\/wp\/v2\/media?parent=15596"}],"wp:term":[{"taxonomy":"product_brand","embeddable":true,"href":"https:\/\/stampcurio.com\/hu\/wp-json\/wp\/v2\/product_brand?post=15596"},{"taxonomy":"product_cat","embeddable":true,"href":"https:\/\/stampcurio.com\/hu\/wp-json\/wp\/v2\/product_cat?post=15596"},{"taxonomy":"product_tag","embeddable":true,"href":"https:\/\/stampcurio.com\/hu\/wp-json\/wp\/v2\/product_tag?post=15596"}],"curies":[{"name":"wp","href":"https:\/\/api.w.org\/{rel}","templated":true}]}}