{"id":15595,"date":"2024-11-29T18:32:11","date_gmt":"2024-11-29T17:32:11","guid":{"rendered":"https:\/\/stampcurio.com\/product\/xxx-german-east-africa-1-rupee-okmany\/"},"modified":"2025-12-05T04:05:48","modified_gmt":"2025-12-05T03:05:48","slug":"1901-nemet-kelet-afrika-1-rupee-hasznalt-okmanybelyeg","status":"publish","type":"product","link":"https:\/\/stampcurio.com\/hu\/termek\/1901-nemet-kelet-afrika-1-rupee-hasznalt-okmanybelyeg\/","title":{"rendered":"1901 N\u00e9met-Kelet-Afrika &#8211; 1 Rupee haszn\u00e1lt okm\u00e1nyb\u00e9lyeg"},"content":{"rendered":"","protected":false},"excerpt":{"rendered":"","protected":false},"featured_media":19872,"template":"","meta":[],"product_brand":[],"product_cat":[1175,1211],"product_tag":[1664,116,282],"class_list":{"0":"post-15595","1":"product","2":"type-product","3":"status-publish","4":"has-post-thumbnail","6":"product_cat-nemetorszag","7":"product_cat-tanzania","8":"product_tag-2nd-auction-hu","9":"product_tag-belyeg","10":"product_tag-okmanybelyeg","12":"first","13":"outofstock","14":"sold-individually","15":"shipping-taxable","16":"product-type-simple"},"_links":{"self":[{"href":"https:\/\/stampcurio.com\/hu\/wp-json\/wp\/v2\/product\/15595","targetHints":{"allow":["GET"]}}],"collection":[{"href":"https:\/\/stampcurio.com\/hu\/wp-json\/wp\/v2\/product"}],"about":[{"href":"https:\/\/stampcurio.com\/hu\/wp-json\/wp\/v2\/types\/product"}],"wp:featuredmedia":[{"embeddable":true,"href":"https:\/\/stampcurio.com\/hu\/wp-json\/wp\/v2\/media\/19872"}],"wp:attachment":[{"href":"https:\/\/stampcurio.com\/hu\/wp-json\/wp\/v2\/media?parent=15595"}],"wp:term":[{"taxonomy":"product_brand","embeddable":true,"href":"https:\/\/stampcurio.com\/hu\/wp-json\/wp\/v2\/product_brand?post=15595"},{"taxonomy":"product_cat","embeddable":true,"href":"https:\/\/stampcurio.com\/hu\/wp-json\/wp\/v2\/product_cat?post=15595"},{"taxonomy":"product_tag","embeddable":true,"href":"https:\/\/stampcurio.com\/hu\/wp-json\/wp\/v2\/product_tag?post=15595"}],"curies":[{"name":"wp","href":"https:\/\/api.w.org\/{rel}","templated":true}]}}