{"id":15594,"date":"2024-11-29T18:32:10","date_gmt":"2024-11-29T17:32:10","guid":{"rendered":"https:\/\/stampcurio.com\/product\/xxx-german-east-africa-3-rupee-vizjelnelkul-bagamoy-cancel\/"},"modified":"2025-12-05T04:05:50","modified_gmt":"2025-12-05T03:05:50","slug":"1901-nemet-kelet-afrika-3-rupien-belyeg-vizjel-nelkul-bagamoyo-belyegzessel-stampworld-250-eur","status":"publish","type":"product","link":"https:\/\/stampcurio.com\/hu\/termek\/1901-nemet-kelet-afrika-3-rupien-belyeg-vizjel-nelkul-bagamoyo-belyegzessel-stampworld-250-eur\/","title":{"rendered":"1901 N\u00e9met-Kelet Afrika 3 Rupien b\u00e9lyeg v\u00edzjel n\u00e9lk\u00fcl BAGAMOYO b\u00e9lyegz\u00e9ssel &#8211; stampworld 250 EUR"},"content":{"rendered":"","protected":false},"excerpt":{"rendered":"","protected":false},"featured_media":20539,"template":"","meta":[],"product_brand":[],"product_cat":[1175,1211],"product_tag":[1664,116,1041],"class_list":{"0":"post-15594","1":"product","2":"type-product","3":"status-publish","4":"has-post-thumbnail","6":"product_cat-nemetorszag","7":"product_cat-tanzania","8":"product_tag-2nd-auction-hu","9":"product_tag-belyeg","10":"product_tag-marcophily-hu","12":"first","13":"outofstock","14":"sold-individually","15":"shipping-taxable","16":"product-type-simple"},"_links":{"self":[{"href":"https:\/\/stampcurio.com\/hu\/wp-json\/wp\/v2\/product\/15594","targetHints":{"allow":["GET"]}}],"collection":[{"href":"https:\/\/stampcurio.com\/hu\/wp-json\/wp\/v2\/product"}],"about":[{"href":"https:\/\/stampcurio.com\/hu\/wp-json\/wp\/v2\/types\/product"}],"wp:featuredmedia":[{"embeddable":true,"href":"https:\/\/stampcurio.com\/hu\/wp-json\/wp\/v2\/media\/20539"}],"wp:attachment":[{"href":"https:\/\/stampcurio.com\/hu\/wp-json\/wp\/v2\/media?parent=15594"}],"wp:term":[{"taxonomy":"product_brand","embeddable":true,"href":"https:\/\/stampcurio.com\/hu\/wp-json\/wp\/v2\/product_brand?post=15594"},{"taxonomy":"product_cat","embeddable":true,"href":"https:\/\/stampcurio.com\/hu\/wp-json\/wp\/v2\/product_cat?post=15594"},{"taxonomy":"product_tag","embeddable":true,"href":"https:\/\/stampcurio.com\/hu\/wp-json\/wp\/v2\/product_tag?post=15594"}],"curies":[{"name":"wp","href":"https:\/\/api.w.org\/{rel}","templated":true}]}}