{"id":15592,"date":"2024-11-29T18:32:10","date_gmt":"2024-11-29T17:32:10","guid":{"rendered":"https:\/\/stampcurio.com\/product\/xxx-kiatuscho-1-pecsetelt-vizjeles\/"},"modified":"2025-12-05T04:05:49","modified_gmt":"2025-12-05T03:05:49","slug":"1901-kiautschou-1-dollar-pecsetelt-vizjeles-belyeg-stampworld-100-eur","status":"publish","type":"product","link":"https:\/\/stampcurio.com\/hu\/termek\/1901-kiautschou-1-dollar-pecsetelt-vizjeles-belyeg-stampworld-100-eur\/","title":{"rendered":"1901 Kiautschou &#8211; 1 dollar pecs\u00e9telt v\u00edzjeles b\u00e9lyeg | Stampworld: 100 EUR"},"content":{"rendered":"","protected":false},"excerpt":{"rendered":"","protected":false},"featured_media":20530,"template":"","meta":[],"product_brand":[],"product_cat":[1247,1175],"product_tag":[1664,116],"class_list":{"0":"post-15592","1":"product","2":"type-product","3":"status-publish","4":"has-post-thumbnail","6":"product_cat-kina","7":"product_cat-nemetorszag","8":"product_tag-2nd-auction-hu","9":"product_tag-belyeg","11":"first","12":"outofstock","13":"sold-individually","14":"shipping-taxable","15":"product-type-simple"},"_links":{"self":[{"href":"https:\/\/stampcurio.com\/hu\/wp-json\/wp\/v2\/product\/15592","targetHints":{"allow":["GET"]}}],"collection":[{"href":"https:\/\/stampcurio.com\/hu\/wp-json\/wp\/v2\/product"}],"about":[{"href":"https:\/\/stampcurio.com\/hu\/wp-json\/wp\/v2\/types\/product"}],"wp:featuredmedia":[{"embeddable":true,"href":"https:\/\/stampcurio.com\/hu\/wp-json\/wp\/v2\/media\/20530"}],"wp:attachment":[{"href":"https:\/\/stampcurio.com\/hu\/wp-json\/wp\/v2\/media?parent=15592"}],"wp:term":[{"taxonomy":"product_brand","embeddable":true,"href":"https:\/\/stampcurio.com\/hu\/wp-json\/wp\/v2\/product_brand?post=15592"},{"taxonomy":"product_cat","embeddable":true,"href":"https:\/\/stampcurio.com\/hu\/wp-json\/wp\/v2\/product_cat?post=15592"},{"taxonomy":"product_tag","embeddable":true,"href":"https:\/\/stampcurio.com\/hu\/wp-json\/wp\/v2\/product_tag?post=15592"}],"curies":[{"name":"wp","href":"https:\/\/api.w.org\/{rel}","templated":true}]}}