{"id":15590,"date":"2024-11-29T18:32:09","date_gmt":"2024-11-29T17:32:09","guid":{"rendered":"https:\/\/stampcurio.com\/product\/1905-german-east-africa-75-heller-tanga-cancel\/"},"modified":"2025-12-05T04:05:51","modified_gmt":"2025-12-05T03:05:51","slug":"1905-nemet-kelet-afrika-75-heller-belyeg-tanga-belyegzessel","status":"publish","type":"product","link":"https:\/\/stampcurio.com\/hu\/termek\/1905-nemet-kelet-afrika-75-heller-belyeg-tanga-belyegzessel\/","title":{"rendered":"1905 N\u00e9met Kelet-Afrika &#8211;  7,5 heller b\u00e9lyeg TANGA b\u00e9lyegz\u00e9ssel"},"content":{"rendered":"","protected":false},"excerpt":{"rendered":"","protected":false},"featured_media":20535,"template":"","meta":[],"product_brand":[],"product_cat":[1175,1211],"product_tag":[1664,116,1041],"class_list":{"0":"post-15590","1":"product","2":"type-product","3":"status-publish","4":"has-post-thumbnail","6":"product_cat-nemetorszag","7":"product_cat-tanzania","8":"product_tag-2nd-auction-hu","9":"product_tag-belyeg","10":"product_tag-marcophily-hu","12":"first","13":"outofstock","14":"sold-individually","15":"shipping-taxable","16":"product-type-simple"},"_links":{"self":[{"href":"https:\/\/stampcurio.com\/hu\/wp-json\/wp\/v2\/product\/15590","targetHints":{"allow":["GET"]}}],"collection":[{"href":"https:\/\/stampcurio.com\/hu\/wp-json\/wp\/v2\/product"}],"about":[{"href":"https:\/\/stampcurio.com\/hu\/wp-json\/wp\/v2\/types\/product"}],"wp:featuredmedia":[{"embeddable":true,"href":"https:\/\/stampcurio.com\/hu\/wp-json\/wp\/v2\/media\/20535"}],"wp:attachment":[{"href":"https:\/\/stampcurio.com\/hu\/wp-json\/wp\/v2\/media?parent=15590"}],"wp:term":[{"taxonomy":"product_brand","embeddable":true,"href":"https:\/\/stampcurio.com\/hu\/wp-json\/wp\/v2\/product_brand?post=15590"},{"taxonomy":"product_cat","embeddable":true,"href":"https:\/\/stampcurio.com\/hu\/wp-json\/wp\/v2\/product_cat?post=15590"},{"taxonomy":"product_tag","embeddable":true,"href":"https:\/\/stampcurio.com\/hu\/wp-json\/wp\/v2\/product_tag?post=15590"}],"curies":[{"name":"wp","href":"https:\/\/api.w.org\/{rel}","templated":true}]}}