{"id":15587,"date":"2024-11-29T18:32:08","date_gmt":"2024-11-29T17:32:08","guid":{"rendered":"https:\/\/stampcurio.com\/product\/1892-hirdetmenyes-levlapok-komplett-sorozat\/"},"modified":"2025-12-05T04:05:52","modified_gmt":"2025-12-05T03:05:52","slug":"1892-magyarorszag-a-komplett-hirdetmenyes-levelezolap-sorozat","status":"publish","type":"product","link":"https:\/\/stampcurio.com\/hu\/termek\/1892-magyarorszag-a-komplett-hirdetmenyes-levelezolap-sorozat\/","title":{"rendered":"1892 Magyarorsz\u00e1g &#8211; a komplett hirdetm\u00e9nyes levelez\u0151lap sorozat"},"content":{"rendered":"","protected":false},"excerpt":{"rendered":"","protected":false},"featured_media":19390,"template":"","meta":[],"product_brand":[],"product_cat":[1172],"product_tag":[1664,74,75],"class_list":{"0":"post-15587","1":"product","2":"type-product","3":"status-publish","4":"has-post-thumbnail","6":"product_cat-magyarorszag","7":"product_tag-2nd-auction-hu","8":"product_tag-dijjegyes","9":"product_tag-reklam","11":"first","12":"outofstock","13":"sold-individually","14":"shipping-taxable","15":"product-type-simple"},"_links":{"self":[{"href":"https:\/\/stampcurio.com\/hu\/wp-json\/wp\/v2\/product\/15587","targetHints":{"allow":["GET"]}}],"collection":[{"href":"https:\/\/stampcurio.com\/hu\/wp-json\/wp\/v2\/product"}],"about":[{"href":"https:\/\/stampcurio.com\/hu\/wp-json\/wp\/v2\/types\/product"}],"wp:featuredmedia":[{"embeddable":true,"href":"https:\/\/stampcurio.com\/hu\/wp-json\/wp\/v2\/media\/19390"}],"wp:attachment":[{"href":"https:\/\/stampcurio.com\/hu\/wp-json\/wp\/v2\/media?parent=15587"}],"wp:term":[{"taxonomy":"product_brand","embeddable":true,"href":"https:\/\/stampcurio.com\/hu\/wp-json\/wp\/v2\/product_brand?post=15587"},{"taxonomy":"product_cat","embeddable":true,"href":"https:\/\/stampcurio.com\/hu\/wp-json\/wp\/v2\/product_cat?post=15587"},{"taxonomy":"product_tag","embeddable":true,"href":"https:\/\/stampcurio.com\/hu\/wp-json\/wp\/v2\/product_tag?post=15587"}],"curies":[{"name":"wp","href":"https:\/\/api.w.org\/{rel}","templated":true}]}}