{"id":15583,"date":"2024-11-29T18:32:07","date_gmt":"2024-11-29T17:32:07","guid":{"rendered":"https:\/\/stampcurio.com\/product\/1938eucharisztukus-blokk-festekfolt-a-40-f-belyegen-festekcsikok-a-32f-belyegen-tevnyomat\/"},"modified":"2025-12-05T04:05:53","modified_gmt":"2025-12-05T03:05:53","slug":"1938-magyarorszag-eucharisztikus-blokk-postatiszta-rakelkes-nyoma-a-40-f-belyegen-vizszintes-festekcsikok-a-32-f-belyegen","status":"publish","type":"product","link":"https:\/\/stampcurio.com\/hu\/termek\/1938-magyarorszag-eucharisztikus-blokk-postatiszta-rakelkes-nyoma-a-40-f-belyegen-vizszintes-festekcsikok-a-32-f-belyegen\/","title":{"rendered":"1938 Magyarorsz\u00e1g &#8211; Eucharisztikus blokk postatiszta ** r\u00e1kelk\u00e9s nyoma a 40 f b\u00e9lyegen, v\u00edzszintes fest\u00e9kcs\u00edkok a 32 f b\u00e9lyegen"},"content":{"rendered":"","protected":false},"excerpt":{"rendered":"","protected":false},"featured_media":19382,"template":"","meta":[],"product_brand":[],"product_cat":[1172],"product_tag":[1664,116,217],"class_list":{"0":"post-15583","1":"product","2":"type-product","3":"status-publish","4":"has-post-thumbnail","6":"product_cat-magyarorszag","7":"product_tag-2nd-auction-hu","8":"product_tag-belyeg","9":"product_tag-tevnyomat","11":"first","12":"outofstock","13":"sold-individually","14":"shipping-taxable","15":"product-type-simple"},"_links":{"self":[{"href":"https:\/\/stampcurio.com\/hu\/wp-json\/wp\/v2\/product\/15583","targetHints":{"allow":["GET"]}}],"collection":[{"href":"https:\/\/stampcurio.com\/hu\/wp-json\/wp\/v2\/product"}],"about":[{"href":"https:\/\/stampcurio.com\/hu\/wp-json\/wp\/v2\/types\/product"}],"wp:featuredmedia":[{"embeddable":true,"href":"https:\/\/stampcurio.com\/hu\/wp-json\/wp\/v2\/media\/19382"}],"wp:attachment":[{"href":"https:\/\/stampcurio.com\/hu\/wp-json\/wp\/v2\/media?parent=15583"}],"wp:term":[{"taxonomy":"product_brand","embeddable":true,"href":"https:\/\/stampcurio.com\/hu\/wp-json\/wp\/v2\/product_brand?post=15583"},{"taxonomy":"product_cat","embeddable":true,"href":"https:\/\/stampcurio.com\/hu\/wp-json\/wp\/v2\/product_cat?post=15583"},{"taxonomy":"product_tag","embeddable":true,"href":"https:\/\/stampcurio.com\/hu\/wp-json\/wp\/v2\/product_tag?post=15583"}],"curies":[{"name":"wp","href":"https:\/\/api.w.org\/{rel}","templated":true}]}}