{"id":15582,"date":"2024-11-29T18:32:07","date_gmt":"2024-11-29T17:32:07","guid":{"rendered":"https:\/\/stampcurio.com\/product\/1938-bilbao-spanyol-polgarhaboru-a-bilbaoi-korhazbol-magyarorszagra-kuldott-voroskeresztes-viva-christorei-viva-cristo-rey\/"},"modified":"2025-12-05T04:05:53","modified_gmt":"2025-12-05T03:05:53","slug":"1938-spanyolorszag-polgarhaboru-a-bilbaoi-idegenlegios-korhazbol-magyarorszagra-kuldott-voroskeresztes-kepeslap-ritka-kuldemeny","status":"publish","type":"product","link":"https:\/\/stampcurio.com\/hu\/termek\/1938-spanyolorszag-polgarhaboru-a-bilbaoi-idegenlegios-korhazbol-magyarorszagra-kuldott-voroskeresztes-kepeslap-ritka-kuldemeny\/","title":{"rendered":"1938 Spanyolorsz\u00e1g \/ polg\u00e1rh\u00e1bor\u00fa &#8211; a bilbaoi idegenl\u00e9gi\u00f3s k\u00f3rh\u00e1zb\u00f3l Magyarorsz\u00e1gra k\u00fcld\u00f6tt v\u00f6r\u00f6skeresztes k\u00e9peslap &#8211; ritka k\u00fcldem\u00e9ny"},"content":{"rendered":"","protected":false},"excerpt":{"rendered":"","protected":false},"featured_media":19410,"template":"","meta":[],"product_brand":[],"product_cat":[1172,1196],"product_tag":[1664,1041,89,208,328],"class_list":{"0":"post-15582","1":"product","2":"type-product","3":"status-publish","4":"has-post-thumbnail","6":"product_cat-magyarorszag","7":"product_cat-spanyolorszag","8":"product_tag-2nd-auction-hu","9":"product_tag-marcophily-hu","10":"product_tag-postatortenet","11":"product_tag-tabori-posta","12":"product_tag-voroskereszt","14":"first","15":"outofstock","16":"sold-individually","17":"shipping-taxable","18":"product-type-simple"},"_links":{"self":[{"href":"https:\/\/stampcurio.com\/hu\/wp-json\/wp\/v2\/product\/15582","targetHints":{"allow":["GET"]}}],"collection":[{"href":"https:\/\/stampcurio.com\/hu\/wp-json\/wp\/v2\/product"}],"about":[{"href":"https:\/\/stampcurio.com\/hu\/wp-json\/wp\/v2\/types\/product"}],"wp:featuredmedia":[{"embeddable":true,"href":"https:\/\/stampcurio.com\/hu\/wp-json\/wp\/v2\/media\/19410"}],"wp:attachment":[{"href":"https:\/\/stampcurio.com\/hu\/wp-json\/wp\/v2\/media?parent=15582"}],"wp:term":[{"taxonomy":"product_brand","embeddable":true,"href":"https:\/\/stampcurio.com\/hu\/wp-json\/wp\/v2\/product_brand?post=15582"},{"taxonomy":"product_cat","embeddable":true,"href":"https:\/\/stampcurio.com\/hu\/wp-json\/wp\/v2\/product_cat?post=15582"},{"taxonomy":"product_tag","embeddable":true,"href":"https:\/\/stampcurio.com\/hu\/wp-json\/wp\/v2\/product_tag?post=15582"}],"curies":[{"name":"wp","href":"https:\/\/api.w.org\/{rel}","templated":true}]}}