{"id":15581,"date":"2024-11-29T18:32:07","date_gmt":"2024-11-29T17:32:07","guid":{"rendered":"https:\/\/stampcurio.com\/product\/1850-ausztruia-9-kr-karlstadt-pecs-level-viseltes-allapotban\/"},"modified":"2025-12-05T04:05:52","modified_gmt":"2025-12-05T03:05:52","slug":"1850-ausztria-karlstadt-gyonyoru-latkepes-level-9-kr-belyeggel-viseltes-allapotban","status":"publish","type":"product","link":"https:\/\/stampcurio.com\/hu\/termek\/1850-ausztria-karlstadt-gyonyoru-latkepes-level-9-kr-belyeggel-viseltes-allapotban\/","title":{"rendered":"1850 Ausztria &#8211;  Karlstadt gy\u00f6ny\u00f6r\u0171 l\u00e1tk\u00e9pes lev\u00e9l 9 kr b\u00e9lyeggel (viseltes \u00e1llapotban)"},"content":{"rendered":"","protected":false},"excerpt":{"rendered":"","protected":false},"featured_media":20555,"template":"","meta":[],"product_brand":[],"product_cat":[1178,1192,1172],"product_tag":[1664,116,176,89,1631],"class_list":{"0":"post-15581","1":"product","2":"type-product","3":"status-publish","4":"has-post-thumbnail","6":"product_cat-ausztria","7":"product_cat-horvatorszag","8":"product_cat-magyarorszag","9":"product_tag-2nd-auction-hu","10":"product_tag-belyeg","11":"product_tag-philagem","12":"product_tag-postatortenet","13":"product_tag-pre-upu","15":"first","16":"outofstock","17":"sold-individually","18":"shipping-taxable","19":"product-type-simple"},"_links":{"self":[{"href":"https:\/\/stampcurio.com\/hu\/wp-json\/wp\/v2\/product\/15581","targetHints":{"allow":["GET"]}}],"collection":[{"href":"https:\/\/stampcurio.com\/hu\/wp-json\/wp\/v2\/product"}],"about":[{"href":"https:\/\/stampcurio.com\/hu\/wp-json\/wp\/v2\/types\/product"}],"wp:featuredmedia":[{"embeddable":true,"href":"https:\/\/stampcurio.com\/hu\/wp-json\/wp\/v2\/media\/20555"}],"wp:attachment":[{"href":"https:\/\/stampcurio.com\/hu\/wp-json\/wp\/v2\/media?parent=15581"}],"wp:term":[{"taxonomy":"product_brand","embeddable":true,"href":"https:\/\/stampcurio.com\/hu\/wp-json\/wp\/v2\/product_brand?post=15581"},{"taxonomy":"product_cat","embeddable":true,"href":"https:\/\/stampcurio.com\/hu\/wp-json\/wp\/v2\/product_cat?post=15581"},{"taxonomy":"product_tag","embeddable":true,"href":"https:\/\/stampcurio.com\/hu\/wp-json\/wp\/v2\/product_tag?post=15581"}],"curies":[{"name":"wp","href":"https:\/\/api.w.org\/{rel}","templated":true}]}}