{"id":15580,"date":"2024-11-29T18:32:06","date_gmt":"2024-11-29T17:32:06","guid":{"rendered":"https:\/\/stampcurio.com\/product\/1820-torino-ar-vizjeles-papiron-vizjellet-fotozni-teljes-level-portomaunzo-ba-kuldve-8-porto-jelzessel-valuta-belyegelofutar-lovasbelyegzessel\/"},"modified":"2025-12-05T04:05:53","modified_gmt":"2025-12-05T03:05:53","slug":"1820-szardinia-torinobol-portomaunzoba-kuldott-teljes-level-cavallini-25c-a-torinoi-lo-bermentesitessel-8-porto-jelzessel-ar-vizjeles-papiron","status":"publish","type":"product","link":"https:\/\/stampcurio.com\/hu\/termek\/1820-szardinia-torinobol-portomaunzoba-kuldott-teljes-level-cavallini-25c-a-torinoi-lo-bermentesitessel-8-porto-jelzessel-ar-vizjeles-papiron\/","title":{"rendered":"1820 Szardinia &#8211; Torin\u00f3b\u00f3l Portomaunzoba k\u00fcld\u00f6tt teljes lev\u00e9l Cavallini 25c &#8211; a torin\u00f3i l\u00f3 :) &#8211; b\u00e9rmentes\u00edt\u00e9ssel 8 port\u00f3 jelz\u00e9ssel, AR (?) v\u00edzjeles pap\u00edron"},"content":{"rendered":"","protected":false},"excerpt":{"rendered":"","protected":false},"featured_media":23987,"template":"","meta":[],"product_brand":[],"product_cat":[1183],"product_tag":[1664,176,108,89,1631,1329,1305],"class_list":{"0":"post-15580","1":"product","2":"type-product","3":"status-publish","4":"has-post-thumbnail","6":"product_cat-olaszorszag","7":"product_tag-2nd-auction-hu","8":"product_tag-philagem","9":"product_tag-porto","10":"product_tag-postatortenet","11":"product_tag-pre-upu","12":"product_tag-szignetta","13":"product_tag-vorphila","15":"first","16":"outofstock","17":"sold-individually","18":"shipping-taxable","19":"product-type-simple"},"_links":{"self":[{"href":"https:\/\/stampcurio.com\/hu\/wp-json\/wp\/v2\/product\/15580","targetHints":{"allow":["GET"]}}],"collection":[{"href":"https:\/\/stampcurio.com\/hu\/wp-json\/wp\/v2\/product"}],"about":[{"href":"https:\/\/stampcurio.com\/hu\/wp-json\/wp\/v2\/types\/product"}],"wp:featuredmedia":[{"embeddable":true,"href":"https:\/\/stampcurio.com\/hu\/wp-json\/wp\/v2\/media\/23987"}],"wp:attachment":[{"href":"https:\/\/stampcurio.com\/hu\/wp-json\/wp\/v2\/media?parent=15580"}],"wp:term":[{"taxonomy":"product_brand","embeddable":true,"href":"https:\/\/stampcurio.com\/hu\/wp-json\/wp\/v2\/product_brand?post=15580"},{"taxonomy":"product_cat","embeddable":true,"href":"https:\/\/stampcurio.com\/hu\/wp-json\/wp\/v2\/product_cat?post=15580"},{"taxonomy":"product_tag","embeddable":true,"href":"https:\/\/stampcurio.com\/hu\/wp-json\/wp\/v2\/product_tag?post=15580"}],"curies":[{"name":"wp","href":"https:\/\/api.w.org\/{rel}","templated":true}]}}