{"id":15579,"date":"2024-11-29T18:32:04","date_gmt":"2024-11-29T17:32:04","guid":{"rendered":"https:\/\/stampcurio.com\/product\/1871-reznyomat-25-kr-ajanlott-terti-boritekon-hatoldalon-ritka-budapest-orszaghaz-belyegzovel-gudlin-marcofila-eotvos-karolyank-cimzes-kikaparva-schaffling-attest\/"},"modified":"2025-12-05T04:05:54","modified_gmt":"2025-12-05T03:05:54","slug":"1871-magyarorszag-ajanlott-tertivevenyes-boritek-25-kr-reznyomat-belyeggel-az-orszaghazba-kuldve-eotvos-karolynak-cimezve-sajnos-cimzes-kisatirozva-a-hatoldalon-ritka-budapest-orszaghaz-belyeg","status":"publish","type":"product","link":"https:\/\/stampcurio.com\/hu\/termek\/1871-magyarorszag-ajanlott-tertivevenyes-boritek-25-kr-reznyomat-belyeggel-az-orszaghazba-kuldve-eotvos-karolynak-cimezve-sajnos-cimzes-kisatirozva-a-hatoldalon-ritka-budapest-orszaghaz-belyeg\/","title":{"rendered":"1871 Magyarorsz\u00e1g &#8211; aj\u00e1nlott t\u00e9rtivev\u00e9nyes bor\u00edt\u00e9k 25 kr r\u00e9znyomat b\u00e9lyeggel az Orsz\u00e1gh\u00e1zba k\u00fcldve, E\u00f6tv\u00f6s K\u00e1rolynak c\u00edmezve (sajnos c\u00edmz\u00e9s kisat\u00edrozva), a h\u00e1toldalon ritka BUDAPEST \/ ORSZ\u00c1GH\u00c1Z b\u00e9lyegz\u0151vel &#8211; Gudlin 500p | attest: Schaffling"},"content":{"rendered":"","protected":false},"excerpt":{"rendered":"","protected":false},"featured_media":19370,"template":"","meta":[],"product_brand":[],"product_cat":[1172],"product_tag":[1664,116,1041,467,176,89,1006],"class_list":{"0":"post-15579","1":"product","2":"type-product","3":"status-publish","4":"has-post-thumbnail","6":"product_cat-magyarorszag","7":"product_tag-2nd-auction-hu","8":"product_tag-belyeg","9":"product_tag-marcophily-hu","10":"product_tag-orszaghaz","11":"product_tag-philagem","12":"product_tag-postatortenet","13":"product_tag-unsold","15":"first","16":"outofstock","17":"sold-individually","18":"shipping-taxable","19":"product-type-simple"},"_links":{"self":[{"href":"https:\/\/stampcurio.com\/hu\/wp-json\/wp\/v2\/product\/15579","targetHints":{"allow":["GET"]}}],"collection":[{"href":"https:\/\/stampcurio.com\/hu\/wp-json\/wp\/v2\/product"}],"about":[{"href":"https:\/\/stampcurio.com\/hu\/wp-json\/wp\/v2\/types\/product"}],"wp:featuredmedia":[{"embeddable":true,"href":"https:\/\/stampcurio.com\/hu\/wp-json\/wp\/v2\/media\/19370"}],"wp:attachment":[{"href":"https:\/\/stampcurio.com\/hu\/wp-json\/wp\/v2\/media?parent=15579"}],"wp:term":[{"taxonomy":"product_brand","embeddable":true,"href":"https:\/\/stampcurio.com\/hu\/wp-json\/wp\/v2\/product_brand?post=15579"},{"taxonomy":"product_cat","embeddable":true,"href":"https:\/\/stampcurio.com\/hu\/wp-json\/wp\/v2\/product_cat?post=15579"},{"taxonomy":"product_tag","embeddable":true,"href":"https:\/\/stampcurio.com\/hu\/wp-json\/wp\/v2\/product_tag?post=15579"}],"curies":[{"name":"wp","href":"https:\/\/api.w.org\/{rel}","templated":true}]}}