{"id":15578,"date":"2024-11-29T18:32:03","date_gmt":"2024-11-29T17:32:03","guid":{"rendered":"https:\/\/stampcurio.com\/product\/1895-gorog-tiz-leptas-ajanlott-dijjegyes-lap-ausztriaban-6-belyeges-vegyes-kiegeszitessel\/"},"modified":"2025-12-05T04:05:55","modified_gmt":"2025-12-05T03:05:55","slug":"1895-gorogorszag-tiz-leptas-ajanlott-dijjegyes-levelezolap-ausztriaba-kuldve-6-belyeges-vegyes-kiegeszitessel","status":"publish","type":"product","link":"https:\/\/stampcurio.com\/hu\/termek\/1895-gorogorszag-tiz-leptas-ajanlott-dijjegyes-levelezolap-ausztriaba-kuldve-6-belyeges-vegyes-kiegeszitessel\/","title":{"rendered":"1895 G\u00f6r\u00f6gorsz\u00e1g &#8211; t\u00edz lept\u00e1s aj\u00e1nlott d\u00edjjegyes levelez\u0151lap Ausztri\u00e1ba k\u00fcldve 6 b\u00e9lyeges vegyes kieg\u00e9sz\u00edt\u00e9ssel"},"content":{"rendered":"","protected":false},"excerpt":{"rendered":"<p>A lap h\u00e1toldala sajnos barb\u00e1r gy\u0171jt\u0151k \u00e1ldozat\u00e1ul esett \u2013 ragaszt\u00f3nyomok \/ kikapart ragaszt\u00f3nyomok.<\/p>\n","protected":false},"featured_media":19364,"template":"","meta":[],"product_brand":[],"product_cat":[1178,1207],"product_tag":[1664,116,74,1041,89],"class_list":{"0":"post-15578","1":"product","2":"type-product","3":"status-publish","4":"has-post-thumbnail","6":"product_cat-ausztria","7":"product_cat-gorogorszag","8":"product_tag-2nd-auction-hu","9":"product_tag-belyeg","10":"product_tag-dijjegyes","11":"product_tag-marcophily-hu","12":"product_tag-postatortenet","14":"first","15":"outofstock","16":"sold-individually","17":"shipping-taxable","18":"product-type-simple"},"_links":{"self":[{"href":"https:\/\/stampcurio.com\/hu\/wp-json\/wp\/v2\/product\/15578","targetHints":{"allow":["GET"]}}],"collection":[{"href":"https:\/\/stampcurio.com\/hu\/wp-json\/wp\/v2\/product"}],"about":[{"href":"https:\/\/stampcurio.com\/hu\/wp-json\/wp\/v2\/types\/product"}],"wp:featuredmedia":[{"embeddable":true,"href":"https:\/\/stampcurio.com\/hu\/wp-json\/wp\/v2\/media\/19364"}],"wp:attachment":[{"href":"https:\/\/stampcurio.com\/hu\/wp-json\/wp\/v2\/media?parent=15578"}],"wp:term":[{"taxonomy":"product_brand","embeddable":true,"href":"https:\/\/stampcurio.com\/hu\/wp-json\/wp\/v2\/product_brand?post=15578"},{"taxonomy":"product_cat","embeddable":true,"href":"https:\/\/stampcurio.com\/hu\/wp-json\/wp\/v2\/product_cat?post=15578"},{"taxonomy":"product_tag","embeddable":true,"href":"https:\/\/stampcurio.com\/hu\/wp-json\/wp\/v2\/product_tag?post=15578"}],"curies":[{"name":"wp","href":"https:\/\/api.w.org\/{rel}","templated":true}]}}