{"id":15577,"date":"2024-11-29T18:32:03","date_gmt":"2024-11-29T17:32:03","guid":{"rendered":"https:\/\/stampcurio.com\/product\/1945-a-mohacsi-postahivatal-osszes-hasznalt-belyegzoi-kezdeti-es-vegdatumokkal-is-a-hasznalatbavetel-benne-a-gumibelyegzok-felhasznalasi-ideje-is\/"},"modified":"2025-12-05T04:05:55","modified_gmt":"2025-12-05T03:05:55","slug":"1945-magyarorszag-a-mohacsi-postahivatal-osszes-hasznalt-belyegzoje-a-hasznalatbavetel-kezdeti-es-vegdatumaival-benne-a-gumibelyegzok-felhasznalasi-ideje-is-benne-az-eddig-ismeretlen-mohacs-b-gu","status":"publish","type":"product","link":"https:\/\/stampcurio.com\/hu\/termek\/1945-magyarorszag-a-mohacsi-postahivatal-osszes-hasznalt-belyegzoje-a-hasznalatbavetel-kezdeti-es-vegdatumaival-benne-a-gumibelyegzok-felhasznalasi-ideje-is-benne-az-eddig-ismeretlen-mohacs-b-gu\/","title":{"rendered":"1945 Magyarorsz\u00e1g &#8211; a moh\u00e1csi postahivatal \u00f6sszes haszn\u00e1lt b\u00e9lyegz\u0151je a haszn\u00e1latbav\u00e9tel kezdeti \u00e9s v\u00e9gd\u00e1tumaival, benne a gumib\u00e9lyegz\u0151k felhaszn\u00e1l\u00e1si ideje is! Benne az eddig ismeretlen MOH\u00c1CS \/ B gumib\u00e9lyegz\u0151 lenyomata is."},"content":{"rendered":"","protected":false},"excerpt":{"rendered":"","protected":false},"featured_media":19358,"template":"","meta":[],"product_brand":[],"product_cat":[1172],"product_tag":[279,1664,1041,176,89],"class_list":{"0":"post-15577","1":"product","2":"type-product","3":"status-publish","4":"has-post-thumbnail","6":"product_cat-magyarorszag","7":"product_tag-1944-45","8":"product_tag-2nd-auction-hu","9":"product_tag-marcophily-hu","10":"product_tag-philagem","11":"product_tag-postatortenet","13":"first","14":"outofstock","15":"sold-individually","16":"shipping-taxable","17":"product-type-simple"},"_links":{"self":[{"href":"https:\/\/stampcurio.com\/hu\/wp-json\/wp\/v2\/product\/15577","targetHints":{"allow":["GET"]}}],"collection":[{"href":"https:\/\/stampcurio.com\/hu\/wp-json\/wp\/v2\/product"}],"about":[{"href":"https:\/\/stampcurio.com\/hu\/wp-json\/wp\/v2\/types\/product"}],"wp:featuredmedia":[{"embeddable":true,"href":"https:\/\/stampcurio.com\/hu\/wp-json\/wp\/v2\/media\/19358"}],"wp:attachment":[{"href":"https:\/\/stampcurio.com\/hu\/wp-json\/wp\/v2\/media?parent=15577"}],"wp:term":[{"taxonomy":"product_brand","embeddable":true,"href":"https:\/\/stampcurio.com\/hu\/wp-json\/wp\/v2\/product_brand?post=15577"},{"taxonomy":"product_cat","embeddable":true,"href":"https:\/\/stampcurio.com\/hu\/wp-json\/wp\/v2\/product_cat?post=15577"},{"taxonomy":"product_tag","embeddable":true,"href":"https:\/\/stampcurio.com\/hu\/wp-json\/wp\/v2\/product_tag?post=15577"}],"curies":[{"name":"wp","href":"https:\/\/api.w.org\/{rel}","templated":true}]}}