{"id":15574,"date":"2024-11-29T18:32:02","date_gmt":"2024-11-29T17:32:02","guid":{"rendered":"https:\/\/stampcurio.com\/product\/1919-shs-8-filleres-lanckeretes-dijjegyes-lap-a-10-filleres-lap-felulnyomataval-probanyomat\/"},"modified":"2025-12-05T04:05:56","modified_gmt":"2025-12-05T03:05:56","slug":"1919-magyarorszag-shs-8-filleres-lanckeretes-dijjegyes-levelezolap-probanyomata-a-probanymas-10-filleres-levelezolap-felulnyomataval-keszult-hodobay-70","status":"publish","type":"product","link":"https:\/\/stampcurio.com\/hu\/termek\/1919-magyarorszag-shs-8-filleres-lanckeretes-dijjegyes-levelezolap-probanyomata-a-probanymas-10-filleres-levelezolap-felulnyomataval-keszult-hodobay-70\/","title":{"rendered":"1919 Magyarorsz\u00e1g &#8211; SHS &#8211; 8 fill\u00e9res l\u00e1nckeretes d\u00edjjegyes levelez\u0151lap pr\u00f3banyomata. A pr\u00f3banym\u00e1s 10 fill\u00e9res levelez\u0151lap fel\u00fclnyomat\u00e1val k\u00e9sz\u00fclt. | Hodobay: 70"},"content":{"rendered":"","protected":false},"excerpt":{"rendered":"","protected":false},"featured_media":19332,"template":"","meta":[],"product_brand":[],"product_cat":[1222,1192,1172,1245,1236],"product_tag":[1664,74,176,390,1006],"class_list":{"0":"post-15574","1":"product","2":"type-product","3":"status-publish","4":"has-post-thumbnail","6":"product_cat-bosznia-hercegovina","7":"product_cat-horvatorszag","8":"product_cat-magyarorszag","9":"product_cat-szerbia","10":"product_cat-szlovenia","11":"product_tag-2nd-auction-hu","12":"product_tag-dijjegyes","13":"product_tag-philagem","14":"product_tag-probanyomat","15":"product_tag-unsold","17":"first","18":"outofstock","19":"sold-individually","20":"shipping-taxable","21":"product-type-simple"},"_links":{"self":[{"href":"https:\/\/stampcurio.com\/hu\/wp-json\/wp\/v2\/product\/15574","targetHints":{"allow":["GET"]}}],"collection":[{"href":"https:\/\/stampcurio.com\/hu\/wp-json\/wp\/v2\/product"}],"about":[{"href":"https:\/\/stampcurio.com\/hu\/wp-json\/wp\/v2\/types\/product"}],"wp:featuredmedia":[{"embeddable":true,"href":"https:\/\/stampcurio.com\/hu\/wp-json\/wp\/v2\/media\/19332"}],"wp:attachment":[{"href":"https:\/\/stampcurio.com\/hu\/wp-json\/wp\/v2\/media?parent=15574"}],"wp:term":[{"taxonomy":"product_brand","embeddable":true,"href":"https:\/\/stampcurio.com\/hu\/wp-json\/wp\/v2\/product_brand?post=15574"},{"taxonomy":"product_cat","embeddable":true,"href":"https:\/\/stampcurio.com\/hu\/wp-json\/wp\/v2\/product_cat?post=15574"},{"taxonomy":"product_tag","embeddable":true,"href":"https:\/\/stampcurio.com\/hu\/wp-json\/wp\/v2\/product_tag?post=15574"}],"curies":[{"name":"wp","href":"https:\/\/api.w.org\/{rel}","templated":true}]}}