{"id":15573,"date":"2024-11-29T18:32:02","date_gmt":"2024-11-29T17:32:02","guid":{"rendered":"https:\/\/stampcurio.com\/product\/https-stampcurio-com-product-1900-hungary-unused-advertising-postal-stationery-no-24-hodobay-28ra-24\/"},"modified":"2025-12-05T04:05:56","modified_gmt":"2025-12-05T03:05:56","slug":"1900-magyarorszag-24-szamu-hasznalatlan-hirdetmenyes-levelezolap-hodobay-28ra-24","status":"publish","type":"product","link":"https:\/\/stampcurio.com\/hu\/termek\/1900-magyarorszag-24-szamu-hasznalatlan-hirdetmenyes-levelezolap-hodobay-28ra-24\/","title":{"rendered":"1900 Magyarorsz\u00e1g \u2013 24. sz\u00e1m\u00fa haszn\u00e1latlan h\u00edrdetm\u00e9nyes levelez\u0151lap \u2013 Hodobay 28Ra\/24"},"content":{"rendered":"","protected":false},"excerpt":{"rendered":"","protected":false},"featured_media":19342,"template":"","meta":[],"product_brand":[],"product_cat":[1172],"product_tag":[1664,74,176,75,1006],"class_list":{"0":"post-15573","1":"product","2":"type-product","3":"status-publish","4":"has-post-thumbnail","6":"product_cat-magyarorszag","7":"product_tag-2nd-auction-hu","8":"product_tag-dijjegyes","9":"product_tag-philagem","10":"product_tag-reklam","11":"product_tag-unsold","13":"first","14":"outofstock","15":"sold-individually","16":"shipping-taxable","17":"product-type-simple"},"_links":{"self":[{"href":"https:\/\/stampcurio.com\/hu\/wp-json\/wp\/v2\/product\/15573","targetHints":{"allow":["GET"]}}],"collection":[{"href":"https:\/\/stampcurio.com\/hu\/wp-json\/wp\/v2\/product"}],"about":[{"href":"https:\/\/stampcurio.com\/hu\/wp-json\/wp\/v2\/types\/product"}],"wp:featuredmedia":[{"embeddable":true,"href":"https:\/\/stampcurio.com\/hu\/wp-json\/wp\/v2\/media\/19342"}],"wp:attachment":[{"href":"https:\/\/stampcurio.com\/hu\/wp-json\/wp\/v2\/media?parent=15573"}],"wp:term":[{"taxonomy":"product_brand","embeddable":true,"href":"https:\/\/stampcurio.com\/hu\/wp-json\/wp\/v2\/product_brand?post=15573"},{"taxonomy":"product_cat","embeddable":true,"href":"https:\/\/stampcurio.com\/hu\/wp-json\/wp\/v2\/product_cat?post=15573"},{"taxonomy":"product_tag","embeddable":true,"href":"https:\/\/stampcurio.com\/hu\/wp-json\/wp\/v2\/product_tag?post=15573"}],"curies":[{"name":"wp","href":"https:\/\/api.w.org\/{rel}","templated":true}]}}