{"id":15572,"date":"2024-11-29T18:32:02","date_gmt":"2024-11-29T17:32:02","guid":{"rendered":"https:\/\/stampcurio.com\/product\/https-stampcurio-com-product-1907-hungary-unused-advertising-postal-stationery-no-4-hodobay-40a\/"},"modified":"2026-01-05T15:18:45","modified_gmt":"2026-01-05T14:18:45","slug":"1907-magyarorszag-rigler-4-szamu-hasznalatlan-hirdetmenyes-dijjegyes-levelezolap-hodobay-40a","status":"publish","type":"product","link":"https:\/\/stampcurio.com\/hu\/termek\/1907-magyarorszag-rigler-4-szamu-hasznalatlan-hirdetmenyes-dijjegyes-levelezolap-hodobay-40a\/","title":{"rendered":"1907 Magyarorsz\u00e1g \u2013 Rigler 4. sz\u00e1m\u00fa haszn\u00e1latlan hirdetm\u00e9nyes d\u00edjjegyes levelez\u0151lap \u2013 Hodobay 40a"},"content":{"rendered":"","protected":false},"excerpt":{"rendered":"","protected":false},"featured_media":19336,"template":"","meta":[],"product_brand":[],"product_cat":[1172],"product_tag":[1669,74,176,75,1006],"class_list":{"0":"post-15572","1":"product","2":"type-product","3":"status-publish","4":"has-post-thumbnail","6":"product_cat-magyarorszag","7":"product_tag-3rd-auction","8":"product_tag-dijjegyes","9":"product_tag-philagem","10":"product_tag-reklam","11":"product_tag-unsold","13":"first","14":"instock","15":"sold-individually","16":"shipping-taxable","17":"purchasable","18":"product-type-simple"},"_links":{"self":[{"href":"https:\/\/stampcurio.com\/hu\/wp-json\/wp\/v2\/product\/15572","targetHints":{"allow":["GET"]}}],"collection":[{"href":"https:\/\/stampcurio.com\/hu\/wp-json\/wp\/v2\/product"}],"about":[{"href":"https:\/\/stampcurio.com\/hu\/wp-json\/wp\/v2\/types\/product"}],"wp:featuredmedia":[{"embeddable":true,"href":"https:\/\/stampcurio.com\/hu\/wp-json\/wp\/v2\/media\/19336"}],"wp:attachment":[{"href":"https:\/\/stampcurio.com\/hu\/wp-json\/wp\/v2\/media?parent=15572"}],"wp:term":[{"taxonomy":"product_brand","embeddable":true,"href":"https:\/\/stampcurio.com\/hu\/wp-json\/wp\/v2\/product_brand?post=15572"},{"taxonomy":"product_cat","embeddable":true,"href":"https:\/\/stampcurio.com\/hu\/wp-json\/wp\/v2\/product_cat?post=15572"},{"taxonomy":"product_tag","embeddable":true,"href":"https:\/\/stampcurio.com\/hu\/wp-json\/wp\/v2\/product_tag?post=15572"}],"curies":[{"name":"wp","href":"https:\/\/api.w.org\/{rel}","templated":true}]}}