{"id":15571,"date":"2024-11-29T18:32:01","date_gmt":"2024-11-29T17:32:01","guid":{"rendered":"https:\/\/stampcurio.com\/product\/1939-ruten-magyar-10-f-dijjegyes-lap-karpataljan-felhasznalva-lipcse\/"},"modified":"2025-12-05T04:05:57","modified_gmt":"2025-12-05T03:05:57","slug":"1939-magyarorszag-ruten-magyar-10-f-dijjegyes-levelezolap-karpataljan-felhasznalva-ketnyelvu-belyegzessel-lipcse-%d0%bb%d0%b8%d0%bf%d1%87%d0%b0-hodobay-133","status":"publish","type":"product","link":"https:\/\/stampcurio.com\/hu\/termek\/1939-magyarorszag-ruten-magyar-10-f-dijjegyes-levelezolap-karpataljan-felhasznalva-ketnyelvu-belyegzessel-lipcse-%d0%bb%d0%b8%d0%bf%d1%87%d0%b0-hodobay-133\/","title":{"rendered":"1939 Magyarorsz\u00e1g &#8211; Rut\u00e9n-magyar 10 f d\u00edjjegyes levelez\u0151lap K\u00e1rp\u00e1talj\u00e1n felhaszn\u00e1lva (!), k\u00e9tnyelv\u0171 b\u00e9lyegz\u00e9ssel Lipcse \/ \u041b\u0438\u043f\u0447\u0430 \/ Hodobay: 133"},"content":{"rendered":"","protected":false},"excerpt":{"rendered":"","protected":false},"featured_media":19170,"template":"","meta":[],"product_brand":[],"product_cat":[1172,1226],"product_tag":[1664,74,1041,89],"class_list":{"0":"post-15571","1":"product","2":"type-product","3":"status-publish","4":"has-post-thumbnail","6":"product_cat-magyarorszag","7":"product_cat-ukrajna","8":"product_tag-2nd-auction-hu","9":"product_tag-dijjegyes","10":"product_tag-marcophily-hu","11":"product_tag-postatortenet","13":"first","14":"outofstock","15":"sold-individually","16":"shipping-taxable","17":"product-type-simple"},"_links":{"self":[{"href":"https:\/\/stampcurio.com\/hu\/wp-json\/wp\/v2\/product\/15571","targetHints":{"allow":["GET"]}}],"collection":[{"href":"https:\/\/stampcurio.com\/hu\/wp-json\/wp\/v2\/product"}],"about":[{"href":"https:\/\/stampcurio.com\/hu\/wp-json\/wp\/v2\/types\/product"}],"wp:featuredmedia":[{"embeddable":true,"href":"https:\/\/stampcurio.com\/hu\/wp-json\/wp\/v2\/media\/19170"}],"wp:attachment":[{"href":"https:\/\/stampcurio.com\/hu\/wp-json\/wp\/v2\/media?parent=15571"}],"wp:term":[{"taxonomy":"product_brand","embeddable":true,"href":"https:\/\/stampcurio.com\/hu\/wp-json\/wp\/v2\/product_brand?post=15571"},{"taxonomy":"product_cat","embeddable":true,"href":"https:\/\/stampcurio.com\/hu\/wp-json\/wp\/v2\/product_cat?post=15571"},{"taxonomy":"product_tag","embeddable":true,"href":"https:\/\/stampcurio.com\/hu\/wp-json\/wp\/v2\/product_tag?post=15571"}],"curies":[{"name":"wp","href":"https:\/\/api.w.org\/{rel}","templated":true}]}}