{"id":15570,"date":"2024-11-29T18:32:01","date_gmt":"2024-11-29T17:32:01","guid":{"rendered":"https:\/\/stampcurio.com\/product\/1882-2-kr-dijjegyes-lap-hodobay-18-exfolacio\/"},"modified":"2025-12-05T04:05:57","modified_gmt":"2025-12-05T03:05:57","slug":"1882-magyarorszag-2-kr-dijjegyes-levelezolap-ritka-nyomashibaval-exfolacio-hodobay-18-a-katalogus-4-peldanyt-ismer-a-tevnyomatbol","status":"publish","type":"product","link":"https:\/\/stampcurio.com\/hu\/termek\/1882-magyarorszag-2-kr-dijjegyes-levelezolap-ritka-nyomashibaval-exfolacio-hodobay-18-a-katalogus-4-peldanyt-ismer-a-tevnyomatbol\/","title":{"rendered":"1882 Magyarorsz\u00e1g &#8211; 2 kr d\u00edjjegyes levelez\u0151lap ritka nyom\u00e1shib\u00e1val &#8211; exfol\u00e1ci\u00f3 | Hodobay 18. &#8211; A katal\u00f3gus 4 (!) p\u00e9ld\u00e1nyt ismer a t\u00e9vnyomatb\u00f3l"},"content":{"rendered":"","protected":false},"excerpt":{"rendered":"","protected":false},"featured_media":19148,"template":"","meta":[],"product_brand":[],"product_cat":[1172],"product_tag":[1664,74,176,217],"class_list":{"0":"post-15570","1":"product","2":"type-product","3":"status-publish","4":"has-post-thumbnail","6":"product_cat-magyarorszag","7":"product_tag-2nd-auction-hu","8":"product_tag-dijjegyes","9":"product_tag-philagem","10":"product_tag-tevnyomat","12":"first","13":"outofstock","14":"sold-individually","15":"shipping-taxable","16":"product-type-simple"},"_links":{"self":[{"href":"https:\/\/stampcurio.com\/hu\/wp-json\/wp\/v2\/product\/15570","targetHints":{"allow":["GET"]}}],"collection":[{"href":"https:\/\/stampcurio.com\/hu\/wp-json\/wp\/v2\/product"}],"about":[{"href":"https:\/\/stampcurio.com\/hu\/wp-json\/wp\/v2\/types\/product"}],"wp:featuredmedia":[{"embeddable":true,"href":"https:\/\/stampcurio.com\/hu\/wp-json\/wp\/v2\/media\/19148"}],"wp:attachment":[{"href":"https:\/\/stampcurio.com\/hu\/wp-json\/wp\/v2\/media?parent=15570"}],"wp:term":[{"taxonomy":"product_brand","embeddable":true,"href":"https:\/\/stampcurio.com\/hu\/wp-json\/wp\/v2\/product_brand?post=15570"},{"taxonomy":"product_cat","embeddable":true,"href":"https:\/\/stampcurio.com\/hu\/wp-json\/wp\/v2\/product_cat?post=15570"},{"taxonomy":"product_tag","embeddable":true,"href":"https:\/\/stampcurio.com\/hu\/wp-json\/wp\/v2\/product_tag?post=15570"}],"curies":[{"name":"wp","href":"https:\/\/api.w.org\/{rel}","templated":true}]}}