{"id":15569,"date":"2024-11-29T18:32:01","date_gmt":"2024-11-29T17:32:01","guid":{"rendered":"https:\/\/stampcurio.com\/product\/neumarkt-1850-geripptes-papier-3-kr-type-ia2-360-eur-ferch-plattenfehler\/"},"modified":"2025-12-05T04:05:57","modified_gmt":"2025-12-05T03:05:57","slug":"1850-ausztria-3-kr-ia2-tipus-bordazott-papiron-szep-neumarkt-belyegzessel-papirranc-lemezhiba-az-r-felett-ferchenbauer-360-eur","status":"publish","type":"product","link":"https:\/\/stampcurio.com\/hu\/termek\/1850-ausztria-3-kr-ia2-tipus-bordazott-papiron-szep-neumarkt-belyegzessel-papirranc-lemezhiba-az-r-felett-ferchenbauer-360-eur\/","title":{"rendered":"1850 Ausztria &#8211; 3 kr Ia2 t\u00edpus bord\u00e1zott pap\u00edron sz\u00e9p NEUMARKT b\u00e9lyegz\u00e9ssel + pap\u00edrr\u00e1nc + lemezhiba az R felett| Ferchenbauer: 360 EUR"},"content":{"rendered":"","protected":false},"excerpt":{"rendered":"","protected":false},"featured_media":25006,"template":"","meta":[],"product_brand":[],"product_cat":[1178],"product_tag":[1664,116,1041,217,1006],"class_list":{"0":"post-15569","1":"product","2":"type-product","3":"status-publish","4":"has-post-thumbnail","6":"product_cat-ausztria","7":"product_tag-2nd-auction-hu","8":"product_tag-belyeg","9":"product_tag-marcophily-hu","10":"product_tag-tevnyomat","11":"product_tag-unsold","13":"first","14":"outofstock","15":"sold-individually","16":"shipping-taxable","17":"product-type-simple"},"_links":{"self":[{"href":"https:\/\/stampcurio.com\/hu\/wp-json\/wp\/v2\/product\/15569","targetHints":{"allow":["GET"]}}],"collection":[{"href":"https:\/\/stampcurio.com\/hu\/wp-json\/wp\/v2\/product"}],"about":[{"href":"https:\/\/stampcurio.com\/hu\/wp-json\/wp\/v2\/types\/product"}],"wp:featuredmedia":[{"embeddable":true,"href":"https:\/\/stampcurio.com\/hu\/wp-json\/wp\/v2\/media\/25006"}],"wp:attachment":[{"href":"https:\/\/stampcurio.com\/hu\/wp-json\/wp\/v2\/media?parent=15569"}],"wp:term":[{"taxonomy":"product_brand","embeddable":true,"href":"https:\/\/stampcurio.com\/hu\/wp-json\/wp\/v2\/product_brand?post=15569"},{"taxonomy":"product_cat","embeddable":true,"href":"https:\/\/stampcurio.com\/hu\/wp-json\/wp\/v2\/product_cat?post=15569"},{"taxonomy":"product_tag","embeddable":true,"href":"https:\/\/stampcurio.com\/hu\/wp-json\/wp\/v2\/product_tag?post=15569"}],"curies":[{"name":"wp","href":"https:\/\/api.w.org\/{rel}","templated":true}]}}