{"id":15567,"date":"2024-11-29T18:32:00","date_gmt":"2024-11-29T17:32:00","guid":{"rendered":"https:\/\/stampcurio.com\/product\/62-krajcar-kivagason-1850-szegedin-belyegzovel-a-belyegek-le-lettek-veve-a-papirrol-es-falccal-vannak-visszaerositve\/"},"modified":"2025-12-05T04:05:58","modified_gmt":"2025-12-05T03:05:58","slug":"1850-ausztria-62-krajcar-ritka-kombinacio-kivagason-szegedin-belyegzovel-a-belyegek-a-papirra-falccal-vannak-visszarakva","status":"publish","type":"product","link":"https:\/\/stampcurio.com\/hu\/termek\/1850-ausztria-62-krajcar-ritka-kombinacio-kivagason-szegedin-belyegzovel-a-belyegek-a-papirra-falccal-vannak-visszarakva\/","title":{"rendered":"1850 Ausztria &#8211; 6+2 krajc\u00e1r (ritka kombin\u00e1ci\u00f3) kiv\u00e1g\u00e1son SZEGEDIN b\u00e9lyegz\u0151vel &#8211; a b\u00e9lyegek a pap\u00edrra falccal vannak visszarakva"},"content":{"rendered":"","protected":false},"excerpt":{"rendered":"","protected":false},"featured_media":19116,"template":"","meta":[],"product_brand":[],"product_cat":[1178,1172],"product_tag":[1664,116,1041,1006],"class_list":{"0":"post-15567","1":"product","2":"type-product","3":"status-publish","4":"has-post-thumbnail","6":"product_cat-ausztria","7":"product_cat-magyarorszag","8":"product_tag-2nd-auction-hu","9":"product_tag-belyeg","10":"product_tag-marcophily-hu","11":"product_tag-unsold","13":"first","14":"outofstock","15":"sold-individually","16":"shipping-taxable","17":"product-type-simple"},"_links":{"self":[{"href":"https:\/\/stampcurio.com\/hu\/wp-json\/wp\/v2\/product\/15567","targetHints":{"allow":["GET"]}}],"collection":[{"href":"https:\/\/stampcurio.com\/hu\/wp-json\/wp\/v2\/product"}],"about":[{"href":"https:\/\/stampcurio.com\/hu\/wp-json\/wp\/v2\/types\/product"}],"wp:featuredmedia":[{"embeddable":true,"href":"https:\/\/stampcurio.com\/hu\/wp-json\/wp\/v2\/media\/19116"}],"wp:attachment":[{"href":"https:\/\/stampcurio.com\/hu\/wp-json\/wp\/v2\/media?parent=15567"}],"wp:term":[{"taxonomy":"product_brand","embeddable":true,"href":"https:\/\/stampcurio.com\/hu\/wp-json\/wp\/v2\/product_brand?post=15567"},{"taxonomy":"product_cat","embeddable":true,"href":"https:\/\/stampcurio.com\/hu\/wp-json\/wp\/v2\/product_cat?post=15567"},{"taxonomy":"product_tag","embeddable":true,"href":"https:\/\/stampcurio.com\/hu\/wp-json\/wp\/v2\/product_tag?post=15567"}],"curies":[{"name":"wp","href":"https:\/\/api.w.org\/{rel}","templated":true}]}}