{"id":15566,"date":"2024-11-29T18:32:00","date_gmt":"2024-11-29T17:32:00","guid":{"rendered":"https:\/\/stampcurio.com\/product\/1838-maltarol-romaniaba-kuldott-ertekbiztositott-ajanlott-level\/"},"modified":"2025-12-05T04:05:58","modified_gmt":"2025-12-05T03:05:58","slug":"1938-malta-romaniaba-kuldott-ertekbiztositott-ajanlott-level-mivel-a-level-nem-postazsakban-utazott-ezert-a-hatoldalon-sok-szep-atmeno-belyegzes-lathato","status":"publish","type":"product","link":"https:\/\/stampcurio.com\/hu\/termek\/1938-malta-romaniaba-kuldott-ertekbiztositott-ajanlott-level-mivel-a-level-nem-postazsakban-utazott-ezert-a-hatoldalon-sok-szep-atmeno-belyegzes-lathato\/","title":{"rendered":"1938 M\u00e1lta &#8211; Rom\u00e1ni\u00e1ba k\u00fcld\u00f6tt \u00e9rt\u00e9kbiztos\u00edtott aj\u00e1nlott lev\u00e9l. Mivel a lev\u00e9l nem postazs\u00e1kban utazott, ez\u00e9rt a h\u00e1toldalon sok sz\u00e9p \u00e1tmen\u0151 b\u00e9lyegz\u00e9s l\u00e1that\u00f3,"},"content":{"rendered":"","protected":false},"excerpt":{"rendered":"","protected":false},"featured_media":19188,"template":"","meta":[],"product_brand":[],"product_cat":[1186,1192,1273,1183,1208,1236],"product_tag":[1664,116,74,1041,89],"class_list":{"0":"post-15566","1":"product","2":"type-product","3":"status-publish","4":"has-post-thumbnail","6":"product_cat-brit-birodalom","7":"product_cat-horvatorszag","8":"product_cat-malta","9":"product_cat-olaszorszag","10":"product_cat-romania","11":"product_cat-szlovenia","12":"product_tag-2nd-auction-hu","13":"product_tag-belyeg","14":"product_tag-dijjegyes","15":"product_tag-marcophily-hu","16":"product_tag-postatortenet","18":"first","19":"outofstock","20":"sold-individually","21":"shipping-taxable","22":"product-type-simple"},"_links":{"self":[{"href":"https:\/\/stampcurio.com\/hu\/wp-json\/wp\/v2\/product\/15566","targetHints":{"allow":["GET"]}}],"collection":[{"href":"https:\/\/stampcurio.com\/hu\/wp-json\/wp\/v2\/product"}],"about":[{"href":"https:\/\/stampcurio.com\/hu\/wp-json\/wp\/v2\/types\/product"}],"wp:featuredmedia":[{"embeddable":true,"href":"https:\/\/stampcurio.com\/hu\/wp-json\/wp\/v2\/media\/19188"}],"wp:attachment":[{"href":"https:\/\/stampcurio.com\/hu\/wp-json\/wp\/v2\/media?parent=15566"}],"wp:term":[{"taxonomy":"product_brand","embeddable":true,"href":"https:\/\/stampcurio.com\/hu\/wp-json\/wp\/v2\/product_brand?post=15566"},{"taxonomy":"product_cat","embeddable":true,"href":"https:\/\/stampcurio.com\/hu\/wp-json\/wp\/v2\/product_cat?post=15566"},{"taxonomy":"product_tag","embeddable":true,"href":"https:\/\/stampcurio.com\/hu\/wp-json\/wp\/v2\/product_tag?post=15566"}],"curies":[{"name":"wp","href":"https:\/\/api.w.org\/{rel}","templated":true}]}}