{"id":15565,"date":"2024-11-29T18:32:00","date_gmt":"2024-11-29T17:32:00","guid":{"rendered":"https:\/\/stampcurio.com\/product\/liberia-dijjegyes-upu-lap-irorszagba-kuldve-1892-az-uralkodo-kepet-kivakartak\/"},"modified":"2025-12-05T04:05:58","modified_gmt":"2025-12-05T03:05:58","slug":"1892-liberia-dijjegyes-upu-levelezolap-irorszagba-kuldve-a-dijjegyesekrol-hillary-r-w-johnson-kepet-kivakartak-miutan-elvesztette-a-valasztast","status":"publish","type":"product","link":"https:\/\/stampcurio.com\/hu\/termek\/1892-liberia-dijjegyes-upu-levelezolap-irorszagba-kuldve-a-dijjegyesekrol-hillary-r-w-johnson-kepet-kivakartak-miutan-elvesztette-a-valasztast\/","title":{"rendered":"1892 Lib\u00e9ria &#8211; d\u00edjjegyes UPU levelez\u0151lap \u00cdrorsz\u00e1gba k\u00fcldve &#8211; a d\u00edjjegyesekr\u0151l Hillary R.W. Johnson k\u00e9p\u00e9t kivakart\u00e1k miut\u00e1n elvesztette a v\u00e1laszt\u00e1st"},"content":{"rendered":"","protected":false},"excerpt":{"rendered":"","protected":false},"featured_media":18017,"template":"","meta":[],"product_brand":[],"product_cat":[1278,1279],"product_tag":[1664,74,89,1006],"class_list":{"0":"post-15565","1":"product","2":"type-product","3":"status-publish","4":"has-post-thumbnail","6":"product_cat-irorszag","7":"product_cat-liberia","8":"product_tag-2nd-auction-hu","9":"product_tag-dijjegyes","10":"product_tag-postatortenet","11":"product_tag-unsold","13":"first","14":"outofstock","15":"sold-individually","16":"shipping-taxable","17":"product-type-simple"},"_links":{"self":[{"href":"https:\/\/stampcurio.com\/hu\/wp-json\/wp\/v2\/product\/15565","targetHints":{"allow":["GET"]}}],"collection":[{"href":"https:\/\/stampcurio.com\/hu\/wp-json\/wp\/v2\/product"}],"about":[{"href":"https:\/\/stampcurio.com\/hu\/wp-json\/wp\/v2\/types\/product"}],"wp:featuredmedia":[{"embeddable":true,"href":"https:\/\/stampcurio.com\/hu\/wp-json\/wp\/v2\/media\/18017"}],"wp:attachment":[{"href":"https:\/\/stampcurio.com\/hu\/wp-json\/wp\/v2\/media?parent=15565"}],"wp:term":[{"taxonomy":"product_brand","embeddable":true,"href":"https:\/\/stampcurio.com\/hu\/wp-json\/wp\/v2\/product_brand?post=15565"},{"taxonomy":"product_cat","embeddable":true,"href":"https:\/\/stampcurio.com\/hu\/wp-json\/wp\/v2\/product_cat?post=15565"},{"taxonomy":"product_tag","embeddable":true,"href":"https:\/\/stampcurio.com\/hu\/wp-json\/wp\/v2\/product_tag?post=15565"}],"curies":[{"name":"wp","href":"https:\/\/api.w.org\/{rel}","templated":true}]}}