{"id":15564,"date":"2024-11-29T18:31:59","date_gmt":"2024-11-29T17:31:59","guid":{"rendered":"https:\/\/stampcurio.com\/product\/1848-linz-muhlbach-portos-level-ddsg-vizjeles-levelpapiron-dienstkorrespondenz\/"},"modified":"2025-12-05T04:05:59","modified_gmt":"2025-12-05T03:05:59","slug":"1848-ausztria-linz-portos-ddsg-boritek-vizjeles-levelpapiron-muhlbachba-kuldve-6kr-portoval-ddsg-inspectorate-no-1","status":"publish","type":"product","link":"https:\/\/stampcurio.com\/hu\/termek\/1848-ausztria-linz-portos-ddsg-boritek-vizjeles-levelpapiron-muhlbachba-kuldve-6kr-portoval-ddsg-inspectorate-no-1\/","title":{"rendered":"1848 Ausztria &#8211; Linz, port\u00f3s DDSG bor\u00edt\u00e9k v\u00edzjeles lev\u00e9lpap\u00edron M\u00fchlbachba k\u00fcldve 6kr port\u00f3val &#8211; DDSG Inspectorate no. 1"},"content":{"rendered":"","protected":false},"excerpt":{"rendered":"","protected":false},"featured_media":18158,"template":"","meta":[],"product_brand":[],"product_cat":[1178,1172,1208],"product_tag":[1664,323,108,89,1631,1305],"class_list":{"0":"post-15564","1":"product","2":"type-product","3":"status-publish","4":"has-post-thumbnail","6":"product_cat-ausztria","7":"product_cat-magyarorszag","8":"product_cat-romania","9":"product_tag-2nd-auction-hu","10":"product_tag-ddsg","11":"product_tag-porto","12":"product_tag-postatortenet","13":"product_tag-pre-upu","14":"product_tag-vorphila","16":"first","17":"outofstock","18":"sold-individually","19":"shipping-taxable","20":"product-type-simple"},"_links":{"self":[{"href":"https:\/\/stampcurio.com\/hu\/wp-json\/wp\/v2\/product\/15564","targetHints":{"allow":["GET"]}}],"collection":[{"href":"https:\/\/stampcurio.com\/hu\/wp-json\/wp\/v2\/product"}],"about":[{"href":"https:\/\/stampcurio.com\/hu\/wp-json\/wp\/v2\/types\/product"}],"wp:featuredmedia":[{"embeddable":true,"href":"https:\/\/stampcurio.com\/hu\/wp-json\/wp\/v2\/media\/18158"}],"wp:attachment":[{"href":"https:\/\/stampcurio.com\/hu\/wp-json\/wp\/v2\/media?parent=15564"}],"wp:term":[{"taxonomy":"product_brand","embeddable":true,"href":"https:\/\/stampcurio.com\/hu\/wp-json\/wp\/v2\/product_brand?post=15564"},{"taxonomy":"product_cat","embeddable":true,"href":"https:\/\/stampcurio.com\/hu\/wp-json\/wp\/v2\/product_cat?post=15564"},{"taxonomy":"product_tag","embeddable":true,"href":"https:\/\/stampcurio.com\/hu\/wp-json\/wp\/v2\/product_tag?post=15564"}],"curies":[{"name":"wp","href":"https:\/\/api.w.org\/{rel}","templated":true}]}}