{"id":15562,"date":"2024-11-29T18:31:59","date_gmt":"2024-11-29T17:31:59","guid":{"rendered":"https:\/\/stampcurio.com\/product\/1858-hirlap-komplett-wrapper-lila-grau-ferch-sleifen-950-ezr-1859-szeptember-bakonybelre-kuldve-utolso-posta-zirc-kovacs-beda-plabnos-urnak\/"},"modified":"2025-12-05T04:05:59","modified_gmt":"2025-12-05T03:05:59","slug":"1858-ausztria-komplett-cimszalag-szurkeslila-hirlapbelyeggel-1859-szeptembereben-bakonybelre-kuldve-utolso-posta-zirc-kovacs-beda-plebanos-urnak-cimezve-ferchenbauer-950-eur","status":"publish","type":"product","link":"https:\/\/stampcurio.com\/hu\/termek\/1858-ausztria-komplett-cimszalag-szurkeslila-hirlapbelyeggel-1859-szeptembereben-bakonybelre-kuldve-utolso-posta-zirc-kovacs-beda-plebanos-urnak-cimezve-ferchenbauer-950-eur\/","title":{"rendered":"1858 Ausztria &#8211; komplett c\u00edmszalag sz\u00fcrk\u00e9slila h\u00edrlapb\u00e9lyeggel, 1859 szeptember\u00e9ben Bakonyb\u00e9lre k\u00fcldve (utols\u00f3 posta: Zirc), Kov\u00e1cs Beda pl\u00e9b\u00e1nos \u00farnak c\u00edmezve | Ferchenbauer: 950 EUR"},"content":{"rendered":"","protected":false},"excerpt":{"rendered":"<p>H\u00e1romoldal\u00e1n hatalmas sz\u00e9lekkel, egyik oldal\u00e1n sajnos kicsit k\u00e9pbev\u00e1gva.<\/p>\n","protected":false},"featured_media":19202,"template":"","meta":[],"product_brand":[],"product_cat":[1178,1172],"product_tag":[1664,116,1296,89,1631],"class_list":{"0":"post-15562","1":"product","2":"type-product","3":"status-publish","4":"has-post-thumbnail","6":"product_cat-ausztria","7":"product_cat-magyarorszag","8":"product_tag-2nd-auction-hu","9":"product_tag-belyeg","10":"product_tag-hirlapbelyeg","11":"product_tag-postatortenet","12":"product_tag-pre-upu","14":"first","15":"outofstock","16":"sold-individually","17":"shipping-taxable","18":"product-type-simple"},"_links":{"self":[{"href":"https:\/\/stampcurio.com\/hu\/wp-json\/wp\/v2\/product\/15562","targetHints":{"allow":["GET"]}}],"collection":[{"href":"https:\/\/stampcurio.com\/hu\/wp-json\/wp\/v2\/product"}],"about":[{"href":"https:\/\/stampcurio.com\/hu\/wp-json\/wp\/v2\/types\/product"}],"wp:featuredmedia":[{"embeddable":true,"href":"https:\/\/stampcurio.com\/hu\/wp-json\/wp\/v2\/media\/19202"}],"wp:attachment":[{"href":"https:\/\/stampcurio.com\/hu\/wp-json\/wp\/v2\/media?parent=15562"}],"wp:term":[{"taxonomy":"product_brand","embeddable":true,"href":"https:\/\/stampcurio.com\/hu\/wp-json\/wp\/v2\/product_brand?post=15562"},{"taxonomy":"product_cat","embeddable":true,"href":"https:\/\/stampcurio.com\/hu\/wp-json\/wp\/v2\/product_cat?post=15562"},{"taxonomy":"product_tag","embeddable":true,"href":"https:\/\/stampcurio.com\/hu\/wp-json\/wp\/v2\/product_tag?post=15562"}],"curies":[{"name":"wp","href":"https:\/\/api.w.org\/{rel}","templated":true}]}}