{"id":15560,"date":"2024-11-29T18:31:58","date_gmt":"2024-11-29T17:31:58","guid":{"rendered":"https:\/\/stampcurio.com\/product\/xxx-galatz-brailla-sor-2040-elenkpiros-teglavoros-szinarnyalatokban-ketfele-szinarnyalatban-falcos\/"},"modified":"2025-12-05T04:06:00","modified_gmt":"2025-12-05T03:06:00","slug":"1870-ddsg-brailla-galatz-postatiszta-sor-20-40-bani-ketfele-elenkpiros-es-teglavoros-szinarnyalatban","status":"publish","type":"product","link":"https:\/\/stampcurio.com\/hu\/termek\/1870-ddsg-brailla-galatz-postatiszta-sor-20-40-bani-ketfele-elenkpiros-es-teglavoros-szinarnyalatban\/","title":{"rendered":"1870 DDSG &#8211; BRAILLA &#8211; GALATZ postatiszta * sor 20 + 40 bani k\u00e9tf\u00e9le, \u00e9l\u00e9nkpiros \u00e9s t\u00e9glav\u00f6r\u00f6s sz\u00edn\u00e1rnyalatban"},"content":{"rendered":"","protected":false},"excerpt":{"rendered":"","protected":false},"featured_media":19064,"template":"","meta":[],"product_brand":[],"product_cat":[1178,1172,1208],"product_tag":[1664,116,323],"class_list":{"0":"post-15560","1":"product","2":"type-product","3":"status-publish","4":"has-post-thumbnail","6":"product_cat-ausztria","7":"product_cat-magyarorszag","8":"product_cat-romania","9":"product_tag-2nd-auction-hu","10":"product_tag-belyeg","11":"product_tag-ddsg","13":"first","14":"outofstock","15":"sold-individually","16":"shipping-taxable","17":"product-type-simple"},"_links":{"self":[{"href":"https:\/\/stampcurio.com\/hu\/wp-json\/wp\/v2\/product\/15560","targetHints":{"allow":["GET"]}}],"collection":[{"href":"https:\/\/stampcurio.com\/hu\/wp-json\/wp\/v2\/product"}],"about":[{"href":"https:\/\/stampcurio.com\/hu\/wp-json\/wp\/v2\/types\/product"}],"wp:featuredmedia":[{"embeddable":true,"href":"https:\/\/stampcurio.com\/hu\/wp-json\/wp\/v2\/media\/19064"}],"wp:attachment":[{"href":"https:\/\/stampcurio.com\/hu\/wp-json\/wp\/v2\/media?parent=15560"}],"wp:term":[{"taxonomy":"product_brand","embeddable":true,"href":"https:\/\/stampcurio.com\/hu\/wp-json\/wp\/v2\/product_brand?post=15560"},{"taxonomy":"product_cat","embeddable":true,"href":"https:\/\/stampcurio.com\/hu\/wp-json\/wp\/v2\/product_cat?post=15560"},{"taxonomy":"product_tag","embeddable":true,"href":"https:\/\/stampcurio.com\/hu\/wp-json\/wp\/v2\/product_tag?post=15560"}],"curies":[{"name":"wp","href":"https:\/\/api.w.org\/{rel}","templated":true}]}}