{"id":15559,"date":"2024-11-29T18:31:58","date_gmt":"2024-11-29T17:31:58","guid":{"rendered":"https:\/\/stampcurio.com\/product\/xxx-brailla-galatz-40-20-bani-par-fogazott-es-vagott-gelb\/"},"modified":"2025-12-05T04:06:00","modified_gmt":"2025-12-05T03:06:00","slug":"1870-ddsg-brailla-galatz-40-20-bani-postatiszta-fogazott-es-vagott-par","status":"publish","type":"product","link":"https:\/\/stampcurio.com\/hu\/termek\/1870-ddsg-brailla-galatz-40-20-bani-postatiszta-fogazott-es-vagott-par\/","title":{"rendered":"1870 DDSG &#8211; BRAILLA &#8211; GALATZ  40\/20 bani postatiszta * fogazott \u00e9s v\u00e1gott p\u00e1r (!)"},"content":{"rendered":"","protected":false},"excerpt":{"rendered":"<p>40-20 v\u00e1gott \u00f6sszef\u00fcgg\u00e9sben nagyon ritk\u00e1n l\u00e1that\u00f3.<\/p>\n","protected":false},"featured_media":19110,"template":"","meta":[],"product_brand":[],"product_cat":[1178,1172,1208],"product_tag":[1664,116,323],"class_list":{"0":"post-15559","1":"product","2":"type-product","3":"status-publish","4":"has-post-thumbnail","6":"product_cat-ausztria","7":"product_cat-magyarorszag","8":"product_cat-romania","9":"product_tag-2nd-auction-hu","10":"product_tag-belyeg","11":"product_tag-ddsg","13":"first","14":"outofstock","15":"sold-individually","16":"shipping-taxable","17":"product-type-simple"},"_links":{"self":[{"href":"https:\/\/stampcurio.com\/hu\/wp-json\/wp\/v2\/product\/15559","targetHints":{"allow":["GET"]}}],"collection":[{"href":"https:\/\/stampcurio.com\/hu\/wp-json\/wp\/v2\/product"}],"about":[{"href":"https:\/\/stampcurio.com\/hu\/wp-json\/wp\/v2\/types\/product"}],"wp:featuredmedia":[{"embeddable":true,"href":"https:\/\/stampcurio.com\/hu\/wp-json\/wp\/v2\/media\/19110"}],"wp:attachment":[{"href":"https:\/\/stampcurio.com\/hu\/wp-json\/wp\/v2\/media?parent=15559"}],"wp:term":[{"taxonomy":"product_brand","embeddable":true,"href":"https:\/\/stampcurio.com\/hu\/wp-json\/wp\/v2\/product_brand?post=15559"},{"taxonomy":"product_cat","embeddable":true,"href":"https:\/\/stampcurio.com\/hu\/wp-json\/wp\/v2\/product_cat?post=15559"},{"taxonomy":"product_tag","embeddable":true,"href":"https:\/\/stampcurio.com\/hu\/wp-json\/wp\/v2\/product_tag?post=15559"}],"curies":[{"name":"wp","href":"https:\/\/api.w.org\/{rel}","templated":true}]}}