{"id":15558,"date":"2024-11-29T18:31:58","date_gmt":"2024-11-29T17:31:58","guid":{"rendered":"https:\/\/stampcurio.com\/product\/torok-kiadas-calabuk-nagyon-ritkan-lathato-hasznalt-belyegek-50-es-10-centime-1884-marcius-12-majus-4-vakdomborbelyegzesekkel-es-lyukasztasokkal\/"},"modified":"2025-12-05T04:06:00","modified_gmt":"2025-12-05T03:06:00","slug":"1884-ddsg-calabuk-torok-kiadas-50-es-100-centime-erteke-ritkan-lathato-hasznalt-allapotban-vakdomborbelyegzesekkel-es-lyukasztasokkal","status":"publish","type":"product","link":"https:\/\/stampcurio.com\/hu\/termek\/1884-ddsg-calabuk-torok-kiadas-50-es-100-centime-erteke-ritkan-lathato-hasznalt-allapotban-vakdomborbelyegzesekkel-es-lyukasztasokkal\/","title":{"rendered":"1884 DDSG &#8211; CALAB\u00dcK t\u00f6r\u00f6k kiad\u00e1s 50 \u00e9s 100 centime \u00e9rt\u00e9ke, ritk\u00e1n l\u00e1that\u00f3 haszn\u00e1lt \u00e1llapotban  &#8211; vakdomborb\u00e9lyegz\u00e9sekkel \u00e9s lyukaszt\u00e1sokkal"},"content":{"rendered":"","protected":false},"excerpt":{"rendered":"<p>B\u00e1r a sorozat postatiszt\u00e1n gyakori, pecs\u00e9telten ritk\u00e1n l\u00e1that\u00f3.<\/p>\n","protected":false},"featured_media":19000,"template":"","meta":[],"product_brand":[],"product_cat":[1178,1172,1208,1188],"product_tag":[1664,116,323],"class_list":{"0":"post-15558","1":"product","2":"type-product","3":"status-publish","4":"has-post-thumbnail","6":"product_cat-ausztria","7":"product_cat-magyarorszag","8":"product_cat-romania","9":"product_cat-torokorszag","10":"product_tag-2nd-auction-hu","11":"product_tag-belyeg","12":"product_tag-ddsg","14":"first","15":"outofstock","16":"sold-individually","17":"shipping-taxable","18":"product-type-simple"},"_links":{"self":[{"href":"https:\/\/stampcurio.com\/hu\/wp-json\/wp\/v2\/product\/15558","targetHints":{"allow":["GET"]}}],"collection":[{"href":"https:\/\/stampcurio.com\/hu\/wp-json\/wp\/v2\/product"}],"about":[{"href":"https:\/\/stampcurio.com\/hu\/wp-json\/wp\/v2\/types\/product"}],"wp:featuredmedia":[{"embeddable":true,"href":"https:\/\/stampcurio.com\/hu\/wp-json\/wp\/v2\/media\/19000"}],"wp:attachment":[{"href":"https:\/\/stampcurio.com\/hu\/wp-json\/wp\/v2\/media?parent=15558"}],"wp:term":[{"taxonomy":"product_brand","embeddable":true,"href":"https:\/\/stampcurio.com\/hu\/wp-json\/wp\/v2\/product_brand?post=15558"},{"taxonomy":"product_cat","embeddable":true,"href":"https:\/\/stampcurio.com\/hu\/wp-json\/wp\/v2\/product_cat?post=15558"},{"taxonomy":"product_tag","embeddable":true,"href":"https:\/\/stampcurio.com\/hu\/wp-json\/wp\/v2\/product_tag?post=15558"}],"curies":[{"name":"wp","href":"https:\/\/api.w.org\/{rel}","templated":true}]}}