{"id":15556,"date":"2024-11-29T18:31:57","date_gmt":"2024-11-29T17:31:57","guid":{"rendered":"https:\/\/stampcurio.com\/product\/1901-dm-1000-heller-10-korona\/"},"modified":"2025-12-05T04:06:01","modified_gmt":"2025-12-05T03:06:01","slug":"1913-1920-ddsg-postatiszta-dm-felulnyomasu-1000-heller-rendkivul-ritka-belyeg","status":"publish","type":"product","link":"https:\/\/stampcurio.com\/hu\/termek\/1913-1920-ddsg-postatiszta-dm-felulnyomasu-1000-heller-rendkivul-ritka-belyeg\/","title":{"rendered":"1913 \/ 1920 DDSG \u2013 postatiszta * DM fel\u00fclnyom\u00e1s\u00fa 1000 heller \u2013 rendk\u00edv\u00fcl ritka b\u00e9lyeg"},"content":{"rendered":"","protected":false},"excerpt":{"rendered":"","protected":false},"featured_media":18966,"template":"","meta":[],"product_brand":[],"product_cat":[1178,1172,1208],"product_tag":[1664,116,323],"class_list":{"0":"post-15556","1":"product","2":"type-product","3":"status-publish","4":"has-post-thumbnail","6":"product_cat-ausztria","7":"product_cat-magyarorszag","8":"product_cat-romania","9":"product_tag-2nd-auction-hu","10":"product_tag-belyeg","11":"product_tag-ddsg","13":"first","14":"outofstock","15":"sold-individually","16":"shipping-taxable","17":"product-type-simple"},"_links":{"self":[{"href":"https:\/\/stampcurio.com\/hu\/wp-json\/wp\/v2\/product\/15556","targetHints":{"allow":["GET"]}}],"collection":[{"href":"https:\/\/stampcurio.com\/hu\/wp-json\/wp\/v2\/product"}],"about":[{"href":"https:\/\/stampcurio.com\/hu\/wp-json\/wp\/v2\/types\/product"}],"wp:featuredmedia":[{"embeddable":true,"href":"https:\/\/stampcurio.com\/hu\/wp-json\/wp\/v2\/media\/18966"}],"wp:attachment":[{"href":"https:\/\/stampcurio.com\/hu\/wp-json\/wp\/v2\/media?parent=15556"}],"wp:term":[{"taxonomy":"product_brand","embeddable":true,"href":"https:\/\/stampcurio.com\/hu\/wp-json\/wp\/v2\/product_brand?post=15556"},{"taxonomy":"product_cat","embeddable":true,"href":"https:\/\/stampcurio.com\/hu\/wp-json\/wp\/v2\/product_cat?post=15556"},{"taxonomy":"product_tag","embeddable":true,"href":"https:\/\/stampcurio.com\/hu\/wp-json\/wp\/v2\/product_tag?post=15556"}],"curies":[{"name":"wp","href":"https:\/\/api.w.org\/{rel}","templated":true}]}}