{"id":15552,"date":"2024-11-29T18:31:56","date_gmt":"2024-11-29T17:31:56","guid":{"rendered":"https:\/\/stampcurio.com\/product\/1901-dm-felulnyomasu-200-pfenning-nemet-pfenning-sor-edition-for-deutschland\/"},"modified":"2025-12-05T04:06:02","modified_gmt":"2025-12-05T03:06:02","slug":"1913-ddsg-dm-felulnyomasu-200-pfenning-postatiszta-belyeg-a-ritka-nemet-kiadas","status":"publish","type":"product","link":"https:\/\/stampcurio.com\/hu\/termek\/1913-ddsg-dm-felulnyomasu-200-pfenning-postatiszta-belyeg-a-ritka-nemet-kiadas\/","title":{"rendered":"1913 DDSG  &#8211; DM fel\u00fclnyom\u00e1s\u00fa 200 pfenning postatiszta * b\u00e9lyeg &#8211; a ritka n\u00e9met kiad\u00e1s"},"content":{"rendered":"","protected":false},"excerpt":{"rendered":"","protected":false},"featured_media":19068,"template":"","meta":[],"product_brand":[],"product_cat":[1178,1172,1175,1208],"product_tag":[1664,116,323],"class_list":{"0":"post-15552","1":"product","2":"type-product","3":"status-publish","4":"has-post-thumbnail","6":"product_cat-ausztria","7":"product_cat-magyarorszag","8":"product_cat-nemetorszag","9":"product_cat-romania","10":"product_tag-2nd-auction-hu","11":"product_tag-belyeg","12":"product_tag-ddsg","14":"first","15":"outofstock","16":"sold-individually","17":"shipping-taxable","18":"product-type-simple"},"_links":{"self":[{"href":"https:\/\/stampcurio.com\/hu\/wp-json\/wp\/v2\/product\/15552","targetHints":{"allow":["GET"]}}],"collection":[{"href":"https:\/\/stampcurio.com\/hu\/wp-json\/wp\/v2\/product"}],"about":[{"href":"https:\/\/stampcurio.com\/hu\/wp-json\/wp\/v2\/types\/product"}],"wp:featuredmedia":[{"embeddable":true,"href":"https:\/\/stampcurio.com\/hu\/wp-json\/wp\/v2\/media\/19068"}],"wp:attachment":[{"href":"https:\/\/stampcurio.com\/hu\/wp-json\/wp\/v2\/media?parent=15552"}],"wp:term":[{"taxonomy":"product_brand","embeddable":true,"href":"https:\/\/stampcurio.com\/hu\/wp-json\/wp\/v2\/product_brand?post=15552"},{"taxonomy":"product_cat","embeddable":true,"href":"https:\/\/stampcurio.com\/hu\/wp-json\/wp\/v2\/product_cat?post=15552"},{"taxonomy":"product_tag","embeddable":true,"href":"https:\/\/stampcurio.com\/hu\/wp-json\/wp\/v2\/product_tag?post=15552"}],"curies":[{"name":"wp","href":"https:\/\/api.w.org\/{rel}","templated":true}]}}