{"id":15550,"date":"2024-11-29T18:31:55","date_gmt":"2024-11-29T17:31:55","guid":{"rendered":"https:\/\/stampcurio.com\/product\/1894-szinvariansokkal-pecsetelt-sor\/"},"modified":"2025-12-05T04:06:03","modified_gmt":"2025-12-05T03:06:03","slug":"1889-ddsg-komplett-pecsetelt-sor-szinvariansokkal","status":"publish","type":"product","link":"https:\/\/stampcurio.com\/hu\/termek\/1889-ddsg-komplett-pecsetelt-sor-szinvariansokkal\/","title":{"rendered":"1889 DDSG &#8211; komplett pecs\u00e9telt sor sz\u00ednvari\u00e1nsokkal"},"content":{"rendered":"","protected":false},"excerpt":{"rendered":"","protected":false},"featured_media":23946,"template":"","meta":[],"product_brand":[],"product_cat":[1178,1172,1208],"product_tag":[1664,116,323],"class_list":{"0":"post-15550","1":"product","2":"type-product","3":"status-publish","4":"has-post-thumbnail","6":"product_cat-ausztria","7":"product_cat-magyarorszag","8":"product_cat-romania","9":"product_tag-2nd-auction-hu","10":"product_tag-belyeg","11":"product_tag-ddsg","13":"first","14":"outofstock","15":"sold-individually","16":"shipping-taxable","17":"product-type-simple"},"_links":{"self":[{"href":"https:\/\/stampcurio.com\/hu\/wp-json\/wp\/v2\/product\/15550","targetHints":{"allow":["GET"]}}],"collection":[{"href":"https:\/\/stampcurio.com\/hu\/wp-json\/wp\/v2\/product"}],"about":[{"href":"https:\/\/stampcurio.com\/hu\/wp-json\/wp\/v2\/types\/product"}],"wp:featuredmedia":[{"embeddable":true,"href":"https:\/\/stampcurio.com\/hu\/wp-json\/wp\/v2\/media\/23946"}],"wp:attachment":[{"href":"https:\/\/stampcurio.com\/hu\/wp-json\/wp\/v2\/media?parent=15550"}],"wp:term":[{"taxonomy":"product_brand","embeddable":true,"href":"https:\/\/stampcurio.com\/hu\/wp-json\/wp\/v2\/product_brand?post=15550"},{"taxonomy":"product_cat","embeddable":true,"href":"https:\/\/stampcurio.com\/hu\/wp-json\/wp\/v2\/product_cat?post=15550"},{"taxonomy":"product_tag","embeddable":true,"href":"https:\/\/stampcurio.com\/hu\/wp-json\/wp\/v2\/product_tag?post=15550"}],"curies":[{"name":"wp","href":"https:\/\/api.w.org\/{rel}","templated":true}]}}