{"id":15549,"date":"2024-11-29T18:31:53","date_gmt":"2024-11-29T17:31:53","guid":{"rendered":"https:\/\/stampcurio.com\/product\/1894-postatiszta-vagott-sor\/"},"modified":"2025-12-05T04:06:04","modified_gmt":"2025-12-05T03:06:04","slug":"1889-ddsg-postatiszta-vagott-teljes-sor-szep-minosegben","status":"publish","type":"product","link":"https:\/\/stampcurio.com\/hu\/termek\/1889-ddsg-postatiszta-vagott-teljes-sor-szep-minosegben\/","title":{"rendered":"1889 DDSG &#8211; postatiszta * v\u00e1gott teljes sor sz\u00e9p min\u0151s\u00e9gben"},"content":{"rendered":"","protected":false},"excerpt":{"rendered":"","protected":false},"featured_media":19004,"template":"","meta":[],"product_brand":[],"product_cat":[1178,1172,1208],"product_tag":[1664,116,323,1006],"class_list":{"0":"post-15549","1":"product","2":"type-product","3":"status-publish","4":"has-post-thumbnail","6":"product_cat-ausztria","7":"product_cat-magyarorszag","8":"product_cat-romania","9":"product_tag-2nd-auction-hu","10":"product_tag-belyeg","11":"product_tag-ddsg","12":"product_tag-unsold","14":"first","15":"outofstock","16":"sold-individually","17":"shipping-taxable","18":"product-type-simple"},"_links":{"self":[{"href":"https:\/\/stampcurio.com\/hu\/wp-json\/wp\/v2\/product\/15549","targetHints":{"allow":["GET"]}}],"collection":[{"href":"https:\/\/stampcurio.com\/hu\/wp-json\/wp\/v2\/product"}],"about":[{"href":"https:\/\/stampcurio.com\/hu\/wp-json\/wp\/v2\/types\/product"}],"wp:featuredmedia":[{"embeddable":true,"href":"https:\/\/stampcurio.com\/hu\/wp-json\/wp\/v2\/media\/19004"}],"wp:attachment":[{"href":"https:\/\/stampcurio.com\/hu\/wp-json\/wp\/v2\/media?parent=15549"}],"wp:term":[{"taxonomy":"product_brand","embeddable":true,"href":"https:\/\/stampcurio.com\/hu\/wp-json\/wp\/v2\/product_brand?post=15549"},{"taxonomy":"product_cat","embeddable":true,"href":"https:\/\/stampcurio.com\/hu\/wp-json\/wp\/v2\/product_cat?post=15549"},{"taxonomy":"product_tag","embeddable":true,"href":"https:\/\/stampcurio.com\/hu\/wp-json\/wp\/v2\/product_tag?post=15549"}],"curies":[{"name":"wp","href":"https:\/\/api.w.org\/{rel}","templated":true}]}}