{"id":15548,"date":"2024-11-29T18:31:53","date_gmt":"2024-11-29T17:31:53","guid":{"rendered":"https:\/\/stampcurio.com\/product\/wehlin-wahein-mattl-vob-pruf-1866-67-ddsg-lompalanka-es-galatz-belyegzesekkel\/"},"modified":"2025-12-05T04:06:04","modified_gmt":"2025-12-05T03:06:04","slug":"1866-67-ddsg-belyegek-lompalanka-es-galatz-belyegzesekkel-pruf-mattl-vob","status":"publish","type":"product","link":"https:\/\/stampcurio.com\/hu\/termek\/1866-67-ddsg-belyegek-lompalanka-es-galatz-belyegzesekkel-pruf-mattl-vob\/","title":{"rendered":"1866\/67 DDSG b\u00e9lyegek Lompalanka \u00e9s Galatz b\u00e9lyegz\u00e9sekkel Pr\u00fcf: Mattl, V\u00d6B"},"content":{"rendered":"","protected":false},"excerpt":{"rendered":"","protected":false},"featured_media":18944,"template":"","meta":[],"product_brand":[],"product_cat":[1178,1640,1172,1208],"product_tag":[1664,116,323,1041],"class_list":{"0":"post-15548","1":"product","2":"type-product","3":"status-publish","4":"has-post-thumbnail","6":"product_cat-ausztria","7":"product_cat-bulgaria","8":"product_cat-magyarorszag","9":"product_cat-romania","10":"product_tag-2nd-auction-hu","11":"product_tag-belyeg","12":"product_tag-ddsg","13":"product_tag-marcophily-hu","15":"first","16":"outofstock","17":"sold-individually","18":"shipping-taxable","19":"product-type-simple"},"_links":{"self":[{"href":"https:\/\/stampcurio.com\/hu\/wp-json\/wp\/v2\/product\/15548","targetHints":{"allow":["GET"]}}],"collection":[{"href":"https:\/\/stampcurio.com\/hu\/wp-json\/wp\/v2\/product"}],"about":[{"href":"https:\/\/stampcurio.com\/hu\/wp-json\/wp\/v2\/types\/product"}],"wp:featuredmedia":[{"embeddable":true,"href":"https:\/\/stampcurio.com\/hu\/wp-json\/wp\/v2\/media\/18944"}],"wp:attachment":[{"href":"https:\/\/stampcurio.com\/hu\/wp-json\/wp\/v2\/media?parent=15548"}],"wp:term":[{"taxonomy":"product_brand","embeddable":true,"href":"https:\/\/stampcurio.com\/hu\/wp-json\/wp\/v2\/product_brand?post=15548"},{"taxonomy":"product_cat","embeddable":true,"href":"https:\/\/stampcurio.com\/hu\/wp-json\/wp\/v2\/product_cat?post=15548"},{"taxonomy":"product_tag","embeddable":true,"href":"https:\/\/stampcurio.com\/hu\/wp-json\/wp\/v2\/product_tag?post=15548"}],"curies":[{"name":"wp","href":"https:\/\/api.w.org\/{rel}","templated":true}]}}