{"id":15547,"date":"2024-11-29T18:31:52","date_gmt":"2024-11-29T17:31:52","guid":{"rendered":"https:\/\/stampcurio.com\/product\/1901-100-200-ujragumizott\/"},"modified":"2025-12-05T04:06:06","modified_gmt":"2025-12-05T03:06:06","slug":"1901-ddsg-hasznalatlan-100-200-filleres-ritkan-lathato-belyeg-feltehetoleg-ujragumizva","status":"publish","type":"product","link":"https:\/\/stampcurio.com\/hu\/termek\/1901-ddsg-hasznalatlan-100-200-filleres-ritkan-lathato-belyeg-feltehetoleg-ujragumizva\/","title":{"rendered":"1901 DDSG \u2013 haszn\u00e1latlan 100 + 200 fill\u00e9res ritk\u00e1n l\u00e1that\u00f3 b\u00e9lyeg, feltehet\u0151leg \u00fajragumizva"},"content":{"rendered":"","protected":false},"excerpt":{"rendered":"","protected":false},"featured_media":18879,"template":"","meta":[],"product_brand":[],"product_cat":[1178,1172,1208],"product_tag":[1664,116,323,1325],"class_list":{"0":"post-15547","1":"product","2":"type-product","3":"status-publish","4":"has-post-thumbnail","6":"product_cat-ausztria","7":"product_cat-magyarorszag","8":"product_cat-romania","9":"product_tag-2nd-auction-hu","10":"product_tag-belyeg","11":"product_tag-ddsg","12":"product_tag-hajo","14":"first","15":"outofstock","16":"sold-individually","17":"shipping-taxable","18":"product-type-simple"},"_links":{"self":[{"href":"https:\/\/stampcurio.com\/hu\/wp-json\/wp\/v2\/product\/15547","targetHints":{"allow":["GET"]}}],"collection":[{"href":"https:\/\/stampcurio.com\/hu\/wp-json\/wp\/v2\/product"}],"about":[{"href":"https:\/\/stampcurio.com\/hu\/wp-json\/wp\/v2\/types\/product"}],"wp:featuredmedia":[{"embeddable":true,"href":"https:\/\/stampcurio.com\/hu\/wp-json\/wp\/v2\/media\/18879"}],"wp:attachment":[{"href":"https:\/\/stampcurio.com\/hu\/wp-json\/wp\/v2\/media?parent=15547"}],"wp:term":[{"taxonomy":"product_brand","embeddable":true,"href":"https:\/\/stampcurio.com\/hu\/wp-json\/wp\/v2\/product_brand?post=15547"},{"taxonomy":"product_cat","embeddable":true,"href":"https:\/\/stampcurio.com\/hu\/wp-json\/wp\/v2\/product_cat?post=15547"},{"taxonomy":"product_tag","embeddable":true,"href":"https:\/\/stampcurio.com\/hu\/wp-json\/wp\/v2\/product_tag?post=15547"}],"curies":[{"name":"wp","href":"https:\/\/api.w.org\/{rel}","templated":true}]}}