{"id":15546,"date":"2024-11-29T18:31:52","date_gmt":"2024-11-29T17:31:52","guid":{"rendered":"https:\/\/stampcurio.com\/product\/1901-50-heller-9-es-ritka-fogazat-serult\/"},"modified":"2025-12-05T04:06:05","modified_gmt":"2025-12-05T03:06:05","slug":"1901-ddsg-postatiszta-50-filler-a-ritka-9-es-fogazattal-sarokfoghiany-ertekszam-gepszinatnyomataval","status":"publish","type":"product","link":"https:\/\/stampcurio.com\/hu\/termek\/1901-ddsg-postatiszta-50-filler-a-ritka-9-es-fogazattal-sarokfoghiany-ertekszam-gepszinatnyomataval\/","title":{"rendered":"1901 DDSG &#8211; postatiszta * 50 fill\u00e9r, a ritka 9-es fogazattal (sarokfoghi\u00e1ny) \/ \u00e9rt\u00e9ksz\u00e1m g\u00e9psz\u00edn\u00e1tnyomat\u00e1val"},"content":{"rendered":"","protected":false},"excerpt":{"rendered":"","protected":false},"featured_media":18855,"template":"","meta":[],"product_brand":[],"product_cat":[1178,1172,1208],"product_tag":[1664,116,323,217],"class_list":{"0":"post-15546","1":"product","2":"type-product","3":"status-publish","4":"has-post-thumbnail","6":"product_cat-ausztria","7":"product_cat-magyarorszag","8":"product_cat-romania","9":"product_tag-2nd-auction-hu","10":"product_tag-belyeg","11":"product_tag-ddsg","12":"product_tag-tevnyomat","14":"first","15":"outofstock","16":"sold-individually","17":"shipping-taxable","18":"product-type-simple"},"_links":{"self":[{"href":"https:\/\/stampcurio.com\/hu\/wp-json\/wp\/v2\/product\/15546","targetHints":{"allow":["GET"]}}],"collection":[{"href":"https:\/\/stampcurio.com\/hu\/wp-json\/wp\/v2\/product"}],"about":[{"href":"https:\/\/stampcurio.com\/hu\/wp-json\/wp\/v2\/types\/product"}],"wp:featuredmedia":[{"embeddable":true,"href":"https:\/\/stampcurio.com\/hu\/wp-json\/wp\/v2\/media\/18855"}],"wp:attachment":[{"href":"https:\/\/stampcurio.com\/hu\/wp-json\/wp\/v2\/media?parent=15546"}],"wp:term":[{"taxonomy":"product_brand","embeddable":true,"href":"https:\/\/stampcurio.com\/hu\/wp-json\/wp\/v2\/product_brand?post=15546"},{"taxonomy":"product_cat","embeddable":true,"href":"https:\/\/stampcurio.com\/hu\/wp-json\/wp\/v2\/product_cat?post=15546"},{"taxonomy":"product_tag","embeddable":true,"href":"https:\/\/stampcurio.com\/hu\/wp-json\/wp\/v2\/product_tag?post=15546"}],"curies":[{"name":"wp","href":"https:\/\/api.w.org\/{rel}","templated":true}]}}