{"id":15544,"date":"2024-11-29T18:31:52","date_gmt":"2024-11-29T17:31:52","guid":{"rendered":"https:\/\/stampcurio.com\/product\/1901-ddsg-sor-pecsetelt-leiras-a-papiron\/"},"modified":"2025-12-05T04:06:05","modified_gmt":"2025-12-05T03:06:05","slug":"1901-ddsg-pecsetelt-ketszinnyomott-belyegek-a-10-filleresen-szep-ybbs-belyegzes","status":"publish","type":"product","link":"https:\/\/stampcurio.com\/hu\/termek\/1901-ddsg-pecsetelt-ketszinnyomott-belyegek-a-10-filleresen-szep-ybbs-belyegzes\/","title":{"rendered":"1901 DDSG &#8211; pecs\u00e9telt k\u00e9tsz\u00ednnyomott b\u00e9lyegek \/ a 10 fill\u00e9resen sz\u00e9p YBBS b\u00e9lyegz\u00e9s"},"content":{"rendered":"","protected":false},"excerpt":{"rendered":"","protected":false},"featured_media":18910,"template":"","meta":[],"product_brand":[],"product_cat":[1178,1172,1208],"product_tag":[1664,116,323],"class_list":{"0":"post-15544","1":"product","2":"type-product","3":"status-publish","4":"has-post-thumbnail","6":"product_cat-ausztria","7":"product_cat-magyarorszag","8":"product_cat-romania","9":"product_tag-2nd-auction-hu","10":"product_tag-belyeg","11":"product_tag-ddsg","13":"first","14":"outofstock","15":"sold-individually","16":"shipping-taxable","17":"product-type-simple"},"_links":{"self":[{"href":"https:\/\/stampcurio.com\/hu\/wp-json\/wp\/v2\/product\/15544","targetHints":{"allow":["GET"]}}],"collection":[{"href":"https:\/\/stampcurio.com\/hu\/wp-json\/wp\/v2\/product"}],"about":[{"href":"https:\/\/stampcurio.com\/hu\/wp-json\/wp\/v2\/types\/product"}],"wp:featuredmedia":[{"embeddable":true,"href":"https:\/\/stampcurio.com\/hu\/wp-json\/wp\/v2\/media\/18910"}],"wp:attachment":[{"href":"https:\/\/stampcurio.com\/hu\/wp-json\/wp\/v2\/media?parent=15544"}],"wp:term":[{"taxonomy":"product_brand","embeddable":true,"href":"https:\/\/stampcurio.com\/hu\/wp-json\/wp\/v2\/product_brand?post=15544"},{"taxonomy":"product_cat","embeddable":true,"href":"https:\/\/stampcurio.com\/hu\/wp-json\/wp\/v2\/product_cat?post=15544"},{"taxonomy":"product_tag","embeddable":true,"href":"https:\/\/stampcurio.com\/hu\/wp-json\/wp\/v2\/product_tag?post=15544"}],"curies":[{"name":"wp","href":"https:\/\/api.w.org\/{rel}","templated":true}]}}