{"id":15541,"date":"2024-11-29T18:31:51","date_gmt":"2024-11-29T17:31:51","guid":{"rendered":"https:\/\/stampcurio.com\/product\/penny-blue-fuggoleges-7-es-csik-1840-a-oszlop-belyegei-ket-belyegenkent-hajtasnyomok-a-belyegkozben\/"},"modified":"2025-12-05T04:06:06","modified_gmt":"2025-12-05T03:06:06","slug":"1840-anglia-penny-blue-fuggoleges-7-es-csik-ket-belyegenkent-hajtasnyomok-a-belyegkozben","status":"publish","type":"product","link":"https:\/\/stampcurio.com\/hu\/termek\/1840-anglia-penny-blue-fuggoleges-7-es-csik-ket-belyegenkent-hajtasnyomok-a-belyegkozben\/","title":{"rendered":"1840 Anglia &#8211; Penny Blue f\u00fcgg\u0151leges 7-es cs\u00edk, k\u00e9t b\u00e9lyegenk\u00e9nt hajt\u00e1snyomok a b\u00e9lyegk\u00f6zben"},"content":{"rendered":"","protected":false},"excerpt":{"rendered":"","protected":false},"featured_media":20868,"template":"","meta":[],"product_brand":[],"product_cat":[1186],"product_tag":[1664,116,176],"class_list":{"0":"post-15541","1":"product","2":"type-product","3":"status-publish","4":"has-post-thumbnail","6":"product_cat-brit-birodalom","7":"product_tag-2nd-auction-hu","8":"product_tag-belyeg","9":"product_tag-philagem","11":"first","12":"outofstock","13":"sold-individually","14":"shipping-taxable","15":"product-type-simple"},"_links":{"self":[{"href":"https:\/\/stampcurio.com\/hu\/wp-json\/wp\/v2\/product\/15541","targetHints":{"allow":["GET"]}}],"collection":[{"href":"https:\/\/stampcurio.com\/hu\/wp-json\/wp\/v2\/product"}],"about":[{"href":"https:\/\/stampcurio.com\/hu\/wp-json\/wp\/v2\/types\/product"}],"wp:featuredmedia":[{"embeddable":true,"href":"https:\/\/stampcurio.com\/hu\/wp-json\/wp\/v2\/media\/20868"}],"wp:attachment":[{"href":"https:\/\/stampcurio.com\/hu\/wp-json\/wp\/v2\/media?parent=15541"}],"wp:term":[{"taxonomy":"product_brand","embeddable":true,"href":"https:\/\/stampcurio.com\/hu\/wp-json\/wp\/v2\/product_brand?post=15541"},{"taxonomy":"product_cat","embeddable":true,"href":"https:\/\/stampcurio.com\/hu\/wp-json\/wp\/v2\/product_cat?post=15541"},{"taxonomy":"product_tag","embeddable":true,"href":"https:\/\/stampcurio.com\/hu\/wp-json\/wp\/v2\/product_tag?post=15541"}],"curies":[{"name":"wp","href":"https:\/\/api.w.org\/{rel}","templated":true}]}}