{"id":15540,"date":"2024-11-29T18:31:50","date_gmt":"2024-11-29T17:31:50","guid":{"rendered":"https:\/\/stampcurio.com\/product\/1896-milleneiumi-dijjegyes-lap-1911-ben-becsben-felhasznalva-kotanyi-janos-reklamnyomtatvanyakent\/"},"modified":"2025-12-05T04:06:08","modified_gmt":"2025-12-05T03:06:08","slug":"1896-1911-magyarorszag-millenniumi-dijjegyes-lap-1911-ben-becsben-felhasznalva-kotanyi-janos-reklam-nyomtatvanyakent-osztrak-perfin-belyeggel","status":"publish","type":"product","link":"https:\/\/stampcurio.com\/hu\/termek\/1896-1911-magyarorszag-millenniumi-dijjegyes-lap-1911-ben-becsben-felhasznalva-kotanyi-janos-reklam-nyomtatvanyakent-osztrak-perfin-belyeggel\/","title":{"rendered":"1896 \/ 1911 Magyarorsz\u00e1g &#8211; millenniumi d\u00edjjegyes lap 1911-ben, B\u00e9csben felhaszn\u00e1lva Kot\u00e1nyi J\u00e1nos rekl\u00e1m nyomtatv\u00e1nyak\u00e9nt osztr\u00e1k perfin b\u00e9lyeggel"},"content":{"rendered":"","protected":false},"excerpt":{"rendered":"","protected":false},"featured_media":19126,"template":"","meta":[],"product_brand":[],"product_cat":[1178,1275,1192,1172],"product_tag":[1664,116,74,230,89,75,1006],"class_list":{"0":"post-15540","1":"product","2":"type-product","3":"status-publish","4":"has-post-thumbnail","6":"product_cat-ausztria","7":"product_cat-fiume","8":"product_cat-horvatorszag","9":"product_cat-magyarorszag","10":"product_tag-2nd-auction-hu","11":"product_tag-belyeg","12":"product_tag-dijjegyes","13":"product_tag-perfin","14":"product_tag-postatortenet","15":"product_tag-reklam","16":"product_tag-unsold","18":"first","19":"outofstock","20":"sold-individually","21":"shipping-taxable","22":"product-type-simple"},"_links":{"self":[{"href":"https:\/\/stampcurio.com\/hu\/wp-json\/wp\/v2\/product\/15540","targetHints":{"allow":["GET"]}}],"collection":[{"href":"https:\/\/stampcurio.com\/hu\/wp-json\/wp\/v2\/product"}],"about":[{"href":"https:\/\/stampcurio.com\/hu\/wp-json\/wp\/v2\/types\/product"}],"wp:featuredmedia":[{"embeddable":true,"href":"https:\/\/stampcurio.com\/hu\/wp-json\/wp\/v2\/media\/19126"}],"wp:attachment":[{"href":"https:\/\/stampcurio.com\/hu\/wp-json\/wp\/v2\/media?parent=15540"}],"wp:term":[{"taxonomy":"product_brand","embeddable":true,"href":"https:\/\/stampcurio.com\/hu\/wp-json\/wp\/v2\/product_brand?post=15540"},{"taxonomy":"product_cat","embeddable":true,"href":"https:\/\/stampcurio.com\/hu\/wp-json\/wp\/v2\/product_cat?post=15540"},{"taxonomy":"product_tag","embeddable":true,"href":"https:\/\/stampcurio.com\/hu\/wp-json\/wp\/v2\/product_tag?post=15540"}],"curies":[{"name":"wp","href":"https:\/\/api.w.org\/{rel}","templated":true}]}}