{"id":15537,"date":"2024-11-29T18:31:50","date_gmt":"2024-11-29T17:31:50","guid":{"rendered":"https:\/\/stampcurio.com\/product\/1938-november-verebelyrol-hodmezovasarhelyre-kuldott-kepeslap-ritka-mkir-mozgoposta-iii-belyegzessel\/"},"modified":"2025-12-05T04:06:07","modified_gmt":"2025-12-05T03:06:07","slug":"1938-magyarorszag-verebelyrol-hodmezovasarhelyre-kuldott-kepeslap-ritka-provizrikus-m-kir-mozgoposta-iii-gumi-belyegzessel","status":"publish","type":"product","link":"https:\/\/stampcurio.com\/hu\/termek\/1938-magyarorszag-verebelyrol-hodmezovasarhelyre-kuldott-kepeslap-ritka-provizrikus-m-kir-mozgoposta-iii-gumi-belyegzessel\/","title":{"rendered":"1938 Magyarorsz\u00e1g &#8211; Vereb\u00e9lyr\u0151l H\u00f3dmez\u0151v\u00e1s\u00e1rhelyre k\u00fcld\u00f6tt k\u00e9peslap ritka provizrikus M.Kir. mozg\u00f3posta \/ III gumi b\u00e9lyegz\u00e9ssel"},"content":{"rendered":"","protected":false},"excerpt":{"rendered":"","protected":false},"featured_media":19176,"template":"","meta":[],"product_brand":[],"product_cat":[1172,1189],"product_tag":[1664,97,1041,1267,89,256,1006],"class_list":{"0":"post-15537","1":"product","2":"type-product","3":"status-publish","4":"has-post-thumbnail","6":"product_cat-magyarorszag","7":"product_cat-szlovakia","8":"product_tag-2nd-auction-hu","9":"product_tag-kepeslap","10":"product_tag-marcophily-hu","11":"product_tag-mozgoposta","12":"product_tag-postatortenet","13":"product_tag-provizorium","14":"product_tag-unsold","16":"first","17":"outofstock","18":"sold-individually","19":"shipping-taxable","20":"product-type-simple"},"_links":{"self":[{"href":"https:\/\/stampcurio.com\/hu\/wp-json\/wp\/v2\/product\/15537","targetHints":{"allow":["GET"]}}],"collection":[{"href":"https:\/\/stampcurio.com\/hu\/wp-json\/wp\/v2\/product"}],"about":[{"href":"https:\/\/stampcurio.com\/hu\/wp-json\/wp\/v2\/types\/product"}],"wp:featuredmedia":[{"embeddable":true,"href":"https:\/\/stampcurio.com\/hu\/wp-json\/wp\/v2\/media\/19176"}],"wp:attachment":[{"href":"https:\/\/stampcurio.com\/hu\/wp-json\/wp\/v2\/media?parent=15537"}],"wp:term":[{"taxonomy":"product_brand","embeddable":true,"href":"https:\/\/stampcurio.com\/hu\/wp-json\/wp\/v2\/product_brand?post=15537"},{"taxonomy":"product_cat","embeddable":true,"href":"https:\/\/stampcurio.com\/hu\/wp-json\/wp\/v2\/product_cat?post=15537"},{"taxonomy":"product_tag","embeddable":true,"href":"https:\/\/stampcurio.com\/hu\/wp-json\/wp\/v2\/product_tag?post=15537"}],"curies":[{"name":"wp","href":"https:\/\/api.w.org\/{rel}","templated":true}]}}