{"id":15536,"date":"2024-11-29T18:31:49","date_gmt":"2024-11-29T17:31:49","guid":{"rendered":"https:\/\/stampcurio.com\/product\/1858-nagy-andraskereszt-blau-ferch-45-eur\/"},"modified":"2025-12-05T04:06:09","modified_gmt":"2025-12-05T03:06:09","slug":"1858-ausztria-nagy-kek-andraskereszt-postatiszta-szep-friss-darab-ferchenbauer-145-eur","status":"publish","type":"product","link":"https:\/\/stampcurio.com\/hu\/termek\/1858-ausztria-nagy-kek-andraskereszt-postatiszta-szep-friss-darab-ferchenbauer-145-eur\/","title":{"rendered":"1858 Ausztria &#8211; nagy K\u00c9K andr\u00e1skereszt postatiszta * sz\u00e9p friss darab | Ferchenbauer: 145 EUR"},"content":{"rendered":"","protected":false},"excerpt":{"rendered":"","protected":false},"featured_media":18906,"template":"","meta":[],"product_brand":[],"product_cat":[1178,1172],"product_tag":[1664,116],"class_list":{"0":"post-15536","1":"product","2":"type-product","3":"status-publish","4":"has-post-thumbnail","6":"product_cat-ausztria","7":"product_cat-magyarorszag","8":"product_tag-2nd-auction-hu","9":"product_tag-belyeg","11":"first","12":"outofstock","13":"sold-individually","14":"shipping-taxable","15":"product-type-simple"},"_links":{"self":[{"href":"https:\/\/stampcurio.com\/hu\/wp-json\/wp\/v2\/product\/15536","targetHints":{"allow":["GET"]}}],"collection":[{"href":"https:\/\/stampcurio.com\/hu\/wp-json\/wp\/v2\/product"}],"about":[{"href":"https:\/\/stampcurio.com\/hu\/wp-json\/wp\/v2\/types\/product"}],"wp:featuredmedia":[{"embeddable":true,"href":"https:\/\/stampcurio.com\/hu\/wp-json\/wp\/v2\/media\/18906"}],"wp:attachment":[{"href":"https:\/\/stampcurio.com\/hu\/wp-json\/wp\/v2\/media?parent=15536"}],"wp:term":[{"taxonomy":"product_brand","embeddable":true,"href":"https:\/\/stampcurio.com\/hu\/wp-json\/wp\/v2\/product_brand?post=15536"},{"taxonomy":"product_cat","embeddable":true,"href":"https:\/\/stampcurio.com\/hu\/wp-json\/wp\/v2\/product_cat?post=15536"},{"taxonomy":"product_tag","embeddable":true,"href":"https:\/\/stampcurio.com\/hu\/wp-json\/wp\/v2\/product_tag?post=15536"}],"curies":[{"name":"wp","href":"https:\/\/api.w.org\/{rel}","templated":true}]}}