{"id":15534,"date":"2024-11-29T18:31:49","date_gmt":"2024-11-29T17:31:49","guid":{"rendered":"https:\/\/stampcurio.com\/product\/1870-bordeaux-edition-kis-elvekonyodas-type-i-very-small-and-light-thin-type-iii-type-ii-franciao-type-ii-r2-levelen-bordeaux-edition-all-three-types-2c-levelen\/"},"modified":"2025-12-05T04:06:08","modified_gmt":"2025-12-05T03:06:08","slug":"1870-franciaorszag-a-bordeaux-i-kiadas-mindharom-tipusa-i-r2-tipus-kis-elvekonyodassal-ii-tipus-r2-levelen-iii-r2","status":"publish","type":"product","link":"https:\/\/stampcurio.com\/hu\/termek\/1870-franciaorszag-a-bordeaux-i-kiadas-mindharom-tipusa-i-r2-tipus-kis-elvekonyodassal-ii-tipus-r2-levelen-iii-r2\/","title":{"rendered":"1870 Franciaorsz\u00e1g a Bordeaux-i kiad\u00e1s mindh\u00e1rom t\u00edpusa: I.R2 t\u00edpus kis elv\u00e9konyod\u00e1ssal + II. t\u00edpus R2 lev\u00e9len + III.R2"},"content":{"rendered":"","protected":false},"excerpt":{"rendered":"<p>R2 +20% value Maury. Type I. R2 + 20% value. Type III R2 maury 750 EUR + 20%<\/p>\n","protected":false},"featured_media":19092,"template":"","meta":[],"product_brand":[],"product_cat":[1181],"product_tag":[1664,116,89,1006],"class_list":{"0":"post-15534","1":"product","2":"type-product","3":"status-publish","4":"has-post-thumbnail","6":"product_cat-franciaorszag","7":"product_tag-2nd-auction-hu","8":"product_tag-belyeg","9":"product_tag-postatortenet","10":"product_tag-unsold","12":"first","13":"outofstock","14":"sold-individually","15":"shipping-taxable","16":"product-type-simple"},"_links":{"self":[{"href":"https:\/\/stampcurio.com\/hu\/wp-json\/wp\/v2\/product\/15534","targetHints":{"allow":["GET"]}}],"collection":[{"href":"https:\/\/stampcurio.com\/hu\/wp-json\/wp\/v2\/product"}],"about":[{"href":"https:\/\/stampcurio.com\/hu\/wp-json\/wp\/v2\/types\/product"}],"wp:featuredmedia":[{"embeddable":true,"href":"https:\/\/stampcurio.com\/hu\/wp-json\/wp\/v2\/media\/19092"}],"wp:attachment":[{"href":"https:\/\/stampcurio.com\/hu\/wp-json\/wp\/v2\/media?parent=15534"}],"wp:term":[{"taxonomy":"product_brand","embeddable":true,"href":"https:\/\/stampcurio.com\/hu\/wp-json\/wp\/v2\/product_brand?post=15534"},{"taxonomy":"product_cat","embeddable":true,"href":"https:\/\/stampcurio.com\/hu\/wp-json\/wp\/v2\/product_cat?post=15534"},{"taxonomy":"product_tag","embeddable":true,"href":"https:\/\/stampcurio.com\/hu\/wp-json\/wp\/v2\/product_tag?post=15534"}],"curies":[{"name":"wp","href":"https:\/\/api.w.org\/{rel}","templated":true}]}}