{"id":15533,"date":"2024-11-29T18:31:48","date_gmt":"2024-11-29T17:31:48","guid":{"rendered":"https:\/\/stampcurio.com\/product\/fogazott-napoleon-1863-koszorus-napoleon-franciaorszag-with-pipe-plate-error\/"},"modified":"2025-12-05T04:06:10","modified_gmt":"2025-12-05T03:06:10","slug":"1863-franciaorszag-20c-az-ugynevezett-pipas-lemezhibaval","status":"publish","type":"product","link":"https:\/\/stampcurio.com\/hu\/termek\/1863-franciaorszag-20c-az-ugynevezett-pipas-lemezhibaval\/","title":{"rendered":"1863 Franciaorsz\u00e1g &#8211; 20c az \u00fagynevezett &#8220;pip\u00e1s&#8221; lemezhib\u00e1val"},"content":{"rendered":"","protected":false},"excerpt":{"rendered":"","protected":false},"featured_media":23961,"template":"","meta":[],"product_brand":[],"product_cat":[1181],"product_tag":[1664,116,217],"class_list":{"0":"post-15533","1":"product","2":"type-product","3":"status-publish","4":"has-post-thumbnail","6":"product_cat-franciaorszag","7":"product_tag-2nd-auction-hu","8":"product_tag-belyeg","9":"product_tag-tevnyomat","11":"first","12":"outofstock","13":"sold-individually","14":"shipping-taxable","15":"product-type-simple"},"_links":{"self":[{"href":"https:\/\/stampcurio.com\/hu\/wp-json\/wp\/v2\/product\/15533","targetHints":{"allow":["GET"]}}],"collection":[{"href":"https:\/\/stampcurio.com\/hu\/wp-json\/wp\/v2\/product"}],"about":[{"href":"https:\/\/stampcurio.com\/hu\/wp-json\/wp\/v2\/types\/product"}],"wp:featuredmedia":[{"embeddable":true,"href":"https:\/\/stampcurio.com\/hu\/wp-json\/wp\/v2\/media\/23961"}],"wp:attachment":[{"href":"https:\/\/stampcurio.com\/hu\/wp-json\/wp\/v2\/media?parent=15533"}],"wp:term":[{"taxonomy":"product_brand","embeddable":true,"href":"https:\/\/stampcurio.com\/hu\/wp-json\/wp\/v2\/product_brand?post=15533"},{"taxonomy":"product_cat","embeddable":true,"href":"https:\/\/stampcurio.com\/hu\/wp-json\/wp\/v2\/product_cat?post=15533"},{"taxonomy":"product_tag","embeddable":true,"href":"https:\/\/stampcurio.com\/hu\/wp-json\/wp\/v2\/product_tag?post=15533"}],"curies":[{"name":"wp","href":"https:\/\/api.w.org\/{rel}","templated":true}]}}