{"id":15531,"date":"2024-11-29T18:31:48","date_gmt":"2024-11-29T17:31:48","guid":{"rendered":"https:\/\/stampcurio.com\/product\/francia-katonai-levelke-katonai-belyegzovel-feladva-1877-parizsba\/"},"modified":"2025-12-05T04:06:09","modified_gmt":"2025-12-05T03:06:09","slug":"1877-franciaorszag-katonai-levelke-katonai-belyegzovel-feladva-parizsba-sage-15c-vagott-belyeggel","status":"publish","type":"product","link":"https:\/\/stampcurio.com\/hu\/termek\/1877-franciaorszag-katonai-levelke-katonai-belyegzovel-feladva-parizsba-sage-15c-vagott-belyeggel\/","title":{"rendered":"1877 Franciaorsz\u00e1g &#8211; katonai lev\u00e9lke katonai b\u00e9lyegz\u0151vel feladva P\u00e1rizsba SAGE 15c v\u00e1gott b\u00e9lyeggel"},"content":{"rendered":"","protected":false},"excerpt":{"rendered":"","protected":false},"featured_media":19328,"template":"","meta":[],"product_brand":[],"product_cat":[1181],"product_tag":[1664,1041,89,208],"class_list":{"0":"post-15531","1":"product","2":"type-product","3":"status-publish","4":"has-post-thumbnail","6":"product_cat-franciaorszag","7":"product_tag-2nd-auction-hu","8":"product_tag-marcophily-hu","9":"product_tag-postatortenet","10":"product_tag-tabori-posta","12":"first","13":"outofstock","14":"sold-individually","15":"shipping-taxable","16":"product-type-simple"},"_links":{"self":[{"href":"https:\/\/stampcurio.com\/hu\/wp-json\/wp\/v2\/product\/15531","targetHints":{"allow":["GET"]}}],"collection":[{"href":"https:\/\/stampcurio.com\/hu\/wp-json\/wp\/v2\/product"}],"about":[{"href":"https:\/\/stampcurio.com\/hu\/wp-json\/wp\/v2\/types\/product"}],"wp:featuredmedia":[{"embeddable":true,"href":"https:\/\/stampcurio.com\/hu\/wp-json\/wp\/v2\/media\/19328"}],"wp:attachment":[{"href":"https:\/\/stampcurio.com\/hu\/wp-json\/wp\/v2\/media?parent=15531"}],"wp:term":[{"taxonomy":"product_brand","embeddable":true,"href":"https:\/\/stampcurio.com\/hu\/wp-json\/wp\/v2\/product_brand?post=15531"},{"taxonomy":"product_cat","embeddable":true,"href":"https:\/\/stampcurio.com\/hu\/wp-json\/wp\/v2\/product_cat?post=15531"},{"taxonomy":"product_tag","embeddable":true,"href":"https:\/\/stampcurio.com\/hu\/wp-json\/wp\/v2\/product_tag?post=15531"}],"curies":[{"name":"wp","href":"https:\/\/api.w.org\/{rel}","templated":true}]}}